{"id":27,"date":"2021-11-18T00:48:23","date_gmt":"2021-11-18T00:48:23","guid":{"rendered":"http:\/\/linguistancia.es\/?page_id=27"},"modified":"2025-12-15T11:53:28","modified_gmt":"2025-12-15T11:53:28","slug":"contact","status":"publish","type":"page","link":"https:\/\/linguistancia.es\/fr\/contact","title":{"rendered":"Contact"},"content":{"rendered":"\t\t<div data-elementor-type=\"wp-page\" data-elementor-id=\"27\" class=\"elementor elementor-27\">\n\t\t\t\t\t\t<section class=\"elementor-section elementor-top-section elementor-element elementor-element-dd6e51a first-section elementor-section-boxed elementor-section-height-default elementor-section-height-default\" data-id=\"dd6e51a\" data-element_type=\"section\">\n\t\t\t\t\t\t<div class=\"elementor-container elementor-column-gap-default\">\n\t\t\t\t\t<div class=\"elementor-column elementor-col-100 elementor-top-column elementor-element elementor-element-de912e4\" data-id=\"de912e4\" data-element_type=\"column\">\n\t\t\t<div class=\"elementor-widget-wrap elementor-element-populated\">\n\t\t\t\t\t\t<div class=\"elementor-element elementor-element-2e814a5 elementor-widget elementor-widget-shortcode\" data-id=\"2e814a5\" data-element_type=\"widget\" data-widget_type=\"shortcode.default\">\n\t\t\t\t<div class=\"elementor-widget-container\">\n\t\t\t\t\t\t\t<div class=\"elementor-shortcode\"><\/div>\n\t\t\t\t\t\t<\/div>\n\t\t\t\t<\/div>\n\t\t\t\t\t<\/div>\n\t\t<\/div>\n\t\t\t\t\t<\/div>\n\t\t<\/section>\n\t\t\t\t<section class=\"elementor-section elementor-top-section elementor-element elementor-element-18e47b4 elementor-section-full_width elementor-section-stretched elementor-section-height-default elementor-section-height-default\" data-id=\"18e47b4\" data-element_type=\"section\" data-settings=\"{&quot;stretch_section&quot;:&quot;section-stretched&quot;}\">\n\t\t\t\t\t\t<div class=\"elementor-container elementor-column-gap-default\">\n\t\t\t\t\t<div class=\"elementor-column elementor-col-25 elementor-top-column elementor-element elementor-element-92d4671\" data-id=\"92d4671\" data-element_type=\"column\">\n\t\t\t<div class=\"elementor-widget-wrap\">\n\t\t\t\t\t\t\t<\/div>\n\t\t<\/div>\n\t\t\t\t<div class=\"elementor-column elementor-col-50 elementor-top-column elementor-element elementor-element-a10c845\" data-id=\"a10c845\" data-element_type=\"column\">\n\t\t\t<div class=\"elementor-widget-wrap elementor-element-populated\">\n\t\t\t\t\t\t<div class=\"elementor-element elementor-element-fd7831e elementor-widget-divider--view-line elementor-widget elementor-widget-divider\" data-id=\"fd7831e\" data-element_type=\"widget\" data-widget_type=\"divider.default\">\n\t\t\t\t<div class=\"elementor-widget-container\">\n\t\t\t\t\t\t\t<div class=\"elementor-divider\">\n\t\t\t<span class=\"elementor-divider-separator\">\n\t\t\t\t\t\t<\/span>\n\t\t<\/div>\n\t\t\t\t\t\t<\/div>\n\t\t\t\t<\/div>\n\t\t\t\t<div class=\"elementor-element elementor-element-89df445 elementor-widget elementor-widget-heading\" data-id=\"89df445\" data-element_type=\"widget\" data-widget_type=\"heading.default\">\n\t\t\t\t<div class=\"elementor-widget-container\">\n\t\t\t\t\t<h1 class=\"elementor-heading-title elementor-size-default\">Contact<\/h1>\t\t\t\t<\/div>\n\t\t\t\t<\/div>\n\t\t\t\t<div class=\"elementor-element elementor-element-63b6e35 elementor-widget-divider--view-line elementor-widget elementor-widget-divider\" data-id=\"63b6e35\" data-element_type=\"widget\" data-widget_type=\"divider.default\">\n\t\t\t\t<div class=\"elementor-widget-container\">\n\t\t\t\t\t\t\t<div class=\"elementor-divider\">\n\t\t\t<span class=\"elementor-divider-separator\">\n\t\t\t\t\t\t<\/span>\n\t\t<\/div>\n\t\t\t\t\t\t<\/div>\n\t\t\t\t<\/div>\n\t\t\t\t<div class=\"elementor-element elementor-element-cd8cfaf elementor-widget elementor-widget-text-editor\" data-id=\"cd8cfaf\" data-element_type=\"widget\" data-widget_type=\"text-editor.default\">\n\t\t\t\t<div class=\"elementor-widget-container\">\n\t\t\t\t\t\t\t\t\t<p data-start=\"204\" data-end=\"489\"><strong data-start=\"204\" data-end=\"305\">Apprenez l\u2019espagnol en Espagne et am\u00e9liorez vos comp\u00e9tences linguistiques de mani\u00e8re captivante !<\/strong><br data-start=\"305\" data-end=\"308\" \/>Sur notre site web, nous vous proposons des s\u00e9jours linguistiques depuis la France vers l\u2019Espagne, o\u00f9 vous pourrez vous immerger pleinement dans la langue et la culture espagnole.<\/p><p data-start=\"491\" data-end=\"795\">Nos programmes personnalis\u00e9s s\u2019adaptent \u00e0 vos besoins et \u00e0 votre niveau d\u2019espagnol, avec des enseignants hautement qualifi\u00e9s et des activit\u00e9s culturelles enrichissantes. D\u00e9couvrez des destinations fascinantes comme Valence, la c\u00f4te m\u00e9diterran\u00e9enne ou encore de charmantes villes historiques en Espagne.<\/p><p data-start=\"797\" data-end=\"881\"><strong data-start=\"797\" data-end=\"879\">Pr\u00eat(e) \u00e0 vous lancer dans cette aventure linguistique ? Il est encore temps !<\/strong><\/p><p data-start=\"883\" data-end=\"1023\">Remplissez notre formulaire de contact et nous vous r\u00e9pondrons rapidement pour vous fournir toutes les informations dont vous avez besoin.<\/p>\t\t\t\t\t\t\t\t<\/div>\n\t\t\t\t<\/div>\n\t\t\t\t<div class=\"elementor-element elementor-element-52b6b2f elementor-widget elementor-widget-heading\" data-id=\"52b6b2f\" data-element_type=\"widget\" data-widget_type=\"heading.default\">\n\t\t\t\t<div class=\"elementor-widget-container\">\n\t\t\t\t\t<h3 class=\"elementor-heading-title elementor-size-default\">Contactez-nous via ce formulaire<\/h3>\t\t\t\t<\/div>\n\t\t\t\t<\/div>\n\t\t\t\t<div class=\"elementor-element elementor-element-5d1fc61 elementor-widget elementor-widget-shortcode\" data-id=\"5d1fc61\" data-element_type=\"widget\" data-widget_type=\"shortcode.default\">\n\t\t\t\t<div class=\"elementor-widget-container\">\n\t\t\t\t\t\t\t<div class=\"elementor-shortcode\">\n<div class=\"wpcf7 no-js\" id=\"wpcf7-f388-o1\" lang=\"es-ES\" dir=\"ltr\" data-wpcf7-id=\"388\">\n<div class=\"screen-reader-response\"><p role=\"status\" aria-live=\"polite\" aria-atomic=\"true\"><\/p> <ul><\/ul><\/div>\n<form action=\"\/fr\/wp-json\/wp\/v2\/pages\/27#wpcf7-f388-o1\" method=\"post\" class=\"wpcf7-form init\" aria-label=\"Formulario de contacto\" novalidate=\"novalidate\" data-status=\"init\">\n<fieldset class=\"hidden-fields-container\"><input type=\"hidden\" name=\"_wpcf7\" value=\"388\" \/><input type=\"hidden\" name=\"_wpcf7_version\" value=\"6.1.3\" \/><input type=\"hidden\" name=\"_wpcf7_locale\" value=\"es_ES\" \/><input type=\"hidden\" name=\"_wpcf7_unit_tag\" value=\"wpcf7-f388-o1\" \/><input type=\"hidden\" name=\"_wpcf7_container_post\" value=\"0\" \/><input type=\"hidden\" name=\"_wpcf7_posted_data_hash\" value=\"\" \/>\n<\/fieldset>\n<p><span class=\"wpcf7-form-control-wrap\" data-name=\"your-name\"><input size=\"40\" maxlength=\"400\" class=\"wpcf7-form-control wpcf7-text wpcf7-validates-as-required\" aria-required=\"true\" aria-invalid=\"false\" placeholder=\"Nom\" value=\"\" type=\"text\" name=\"your-name\" \/><\/span>\n<\/p>\n<p><span class=\"wpcf7-form-control-wrap\" data-name=\"your-email\"><input size=\"40\" maxlength=\"400\" class=\"wpcf7-form-control wpcf7-email wpcf7-validates-as-required wpcf7-text wpcf7-validates-as-email\" aria-required=\"true\" aria-invalid=\"false\" placeholder=\"E-mail\" value=\"\" type=\"email\" name=\"your-email\" \/><\/span>\n<\/p>\n<p><span class=\"wpcf7-form-control-wrap\" data-name=\"your-age\"><input class=\"wpcf7-form-control wpcf7-number wpcf7-validates-as-required wpcf7-validates-as-number\" aria-required=\"true\" aria-invalid=\"false\" placeholder=\"\u00c2ge\" value=\"\" type=\"number\" name=\"your-age\" \/><\/span>\n<\/p>\n<p><span class=\"wpcf7-form-control-wrap\" data-name=\"your-subject\"><input size=\"40\" maxlength=\"400\" class=\"wpcf7-form-control wpcf7-text wpcf7-validates-as-required\" aria-required=\"true\" aria-invalid=\"false\" placeholder=\"Destination\" value=\"\" type=\"text\" name=\"your-subject\" \/><\/span>\n<\/p>\n<p><span class=\"wpcf7-form-control-wrap\" data-name=\"your-message\"><textarea cols=\"40\" rows=\"10\" maxlength=\"2000\" class=\"wpcf7-form-control wpcf7-textarea\" aria-invalid=\"false\" placeholder=\"Message\" name=\"your-message\"><\/textarea><\/span>\n<\/p>\n<p><span class=\"wpcf7-form-control-wrap\" data-name=\"acceptance-255\"><span class=\"wpcf7-form-control wpcf7-acceptance\"><span class=\"wpcf7-list-item\"><label><input type=\"checkbox\" name=\"acceptance-255\" value=\"1\" aria-invalid=\"false\" \/><span class=\"wpcf7-list-item-label\">J'ai lu et j'accepte les <a target=\"_blank\" href=\"https:\/\/linguistancia.es\/fr\/politique-de-confidentialite\">Politique de confidentialit\u00e9<\/a>.<\/span><\/label><\/span><\/span><\/span>\n<\/p>\n<p><input class=\"wpcf7-form-control wpcf7-submit has-spinner\" type=\"submit\" value=\"Envoyer\" \/>\n<\/p><div class=\"wpcf7-response-output\" aria-hidden=\"true\"><\/div>\n<\/form>\n<\/div>\n<\/div>\n\t\t\t\t\t\t<\/div>\n\t\t\t\t<\/div>\n\t\t\t\t<div class=\"elementor-element elementor-element-2d4a940 elementor-widget elementor-widget-text-editor\" data-id=\"2d4a940\" data-element_type=\"widget\" data-widget_type=\"text-editor.default\">\n\t\t\t\t<div class=\"elementor-widget-container\">\n\t\t\t\t\t\t\t\t\t<p data-start=\"82\" data-end=\"206\">Ne manquez pas l\u2019occasion de vivre une exp\u00e9rience inoubliable tout en apprenant une langue en immersion \u00e0 l\u2019\u00e9tranger !<\/p><p data-start=\"208\" data-end=\"325\" data-is-last-node=\"\" data-is-only-node=\"\">Laissez-vous guider par LINGUISTANCIA pour trouver le s\u00e9jour parfaitement adapt\u00e9 \u00e0 vos besoins et \u00e0 vos attentes<\/p>\t\t\t\t\t\t\t\t<\/div>\n\t\t\t\t<\/div>\n\t\t\t\t\t<\/div>\n\t\t<\/div>\n\t\t\t\t<div class=\"elementor-column elementor-col-25 elementor-top-column elementor-element elementor-element-ac674b3\" data-id=\"ac674b3\" data-element_type=\"column\">\n\t\t\t<div class=\"elementor-widget-wrap\">\n\t\t\t\t\t\t\t<\/div>\n\t\t<\/div>\n\t\t\t\t\t<\/div>\n\t\t<\/section>\n\t\t\t\t<\/div>\n\t\t","protected":false},"excerpt":{"rendered":"<p>Contact Apprenez l\u2019espagnol en Espagne et am\u00e9liorez vos comp\u00e9tences linguistiques de mani\u00e8re captivante !Sur notre site web, nous vous proposons des s\u00e9jours linguistiques depuis la &hellip; <\/p>\n","protected":false},"author":1,"featured_media":0,"parent":0,"menu_order":0,"comment_status":"closed","ping_status":"closed","template":"","meta":{"footnotes":""},"class_list":["post-27","page","type-page","status-publish","hentry","latest_post"],"yoast_head":"<!-- This site is optimized with the Yoast SEO plugin v26.4 - https:\/\/yoast.com\/wordpress\/plugins\/seo\/ -->\n<title>Contact | Linguistancia<\/title>\n<meta name=\"description\" content=\"\u00bfListo\/a para embarcarte en esta aventura ling\u00fc\u00edstica en Francia? Ponte en contacto con nosotros y estaremos encantados de ayudarte.\" \/>\n<meta name=\"robots\" content=\"index, follow, max-snippet:-1, max-image-preview:large, max-video-preview:-1\" \/>\n<link rel=\"canonical\" href=\"https:\/\/linguistancia.es\/fr\/contact\" \/>\n<meta property=\"og:locale\" content=\"fr_FR\" \/>\n<meta property=\"og:type\" content=\"article\" \/>\n<meta property=\"og:title\" content=\"Contact | Linguistancia\" \/>\n<meta property=\"og:description\" content=\"\u00bfListo\/a para embarcarte en esta aventura ling\u00fc\u00edstica en Francia? Ponte en contacto con nosotros y estaremos encantados de ayudarte.\" \/>\n<meta property=\"og:url\" content=\"https:\/\/linguistancia.es\/fr\/contact\" \/>\n<meta property=\"og:site_name\" content=\"Linguistancia\" \/>\n<meta property=\"article:publisher\" content=\"https:\/\/www.facebook.com\/Linguistancia-102064265738986\" \/>\n<meta property=\"article:modified_time\" content=\"2025-12-15T11:53:28+00:00\" \/>\n<meta property=\"og:image\" content=\"https:\/\/linguistancia.es\/fr\/wp-content\/uploads\/2021\/12\/linguistancia-2.png\" \/>\n\t<meta property=\"og:image:width\" content=\"565\" \/>\n\t<meta property=\"og:image:height\" content=\"228\" \/>\n\t<meta property=\"og:image:type\" content=\"image\/png\" \/>\n<meta name=\"twitter:card\" content=\"summary_large_image\" \/>\n<meta name=\"twitter:label1\" content=\"Dur\u00e9e de lecture estim\u00e9e\" \/>\n\t<meta name=\"twitter:data1\" content=\"1 minute\" \/>\n<script type=\"application\/ld+json\" class=\"yoast-schema-graph\">{\"@context\":\"https:\/\/schema.org\",\"@graph\":[{\"@type\":\"WebPage\",\"@id\":\"https:\/\/linguistancia.es\/fr\/contact\",\"url\":\"https:\/\/linguistancia.es\/fr\/contact\",\"name\":\"Contact | Linguistancia\",\"isPartOf\":{\"@id\":\"https:\/\/linguistancia.es\/fr\/#website\"},\"datePublished\":\"2021-11-18T00:48:23+00:00\",\"dateModified\":\"2025-12-15T11:53:28+00:00\",\"description\":\"\u00bfListo\/a para embarcarte en esta aventura ling\u00fc\u00edstica en Francia? Ponte en contacto con nosotros y estaremos encantados de ayudarte.\",\"breadcrumb\":{\"@id\":\"https:\/\/linguistancia.es\/fr\/contact#breadcrumb\"},\"inLanguage\":\"fr-FR\",\"potentialAction\":[{\"@type\":\"ReadAction\",\"target\":[\"https:\/\/linguistancia.es\/fr\/contact\"]}]},{\"@type\":\"BreadcrumbList\",\"@id\":\"https:\/\/linguistancia.es\/fr\/contact#breadcrumb\",\"itemListElement\":[{\"@type\":\"ListItem\",\"position\":1,\"name\":\"Portada\",\"item\":\"https:\/\/linguistancia.es\/fr\/\"},{\"@type\":\"ListItem\",\"position\":2,\"name\":\"Contact\"}]},{\"@type\":\"WebSite\",\"@id\":\"https:\/\/linguistancia.es\/fr\/#website\",\"url\":\"https:\/\/linguistancia.es\/fr\/\",\"name\":\"Linguistancia\",\"description\":\"Aprender sin fronteras\",\"publisher\":{\"@id\":\"https:\/\/linguistancia.es\/fr\/#organization\"},\"potentialAction\":[{\"@type\":\"SearchAction\",\"target\":{\"@type\":\"EntryPoint\",\"urlTemplate\":\"https:\/\/linguistancia.es\/fr\/?s={search_term_string}\"},\"query-input\":{\"@type\":\"PropertyValueSpecification\",\"valueRequired\":true,\"valueName\":\"search_term_string\"}}],\"inLanguage\":\"fr-FR\"},{\"@type\":\"Organization\",\"@id\":\"https:\/\/linguistancia.es\/fr\/#organization\",\"name\":\"Linguistancia\",\"url\":\"https:\/\/linguistancia.es\/fr\/\",\"logo\":{\"@type\":\"ImageObject\",\"inLanguage\":\"fr-FR\",\"@id\":\"https:\/\/linguistancia.es\/fr\/#\/schema\/logo\/image\/\",\"url\":\"https:\/\/linguistancia.es\/wp-content\/uploads\/2021\/12\/linguistancia-2.png\",\"contentUrl\":\"https:\/\/linguistancia.es\/wp-content\/uploads\/2021\/12\/linguistancia-2.png\",\"width\":565,\"height\":228,\"caption\":\"Linguistancia\"},\"image\":{\"@id\":\"https:\/\/linguistancia.es\/fr\/#\/schema\/logo\/image\/\"},\"sameAs\":[\"https:\/\/www.facebook.com\/Linguistancia-102064265738986\",\"https:\/\/www.instagram.com\/linguistancia\/\"]}]}<\/script>\n<!-- \/ Yoast SEO plugin. -->","yoast_head_json":{"title":"Contact | Linguistancia","description":"\u00bfListo\/a para embarcarte en esta aventura ling\u00fc\u00edstica en Francia? Ponte en contacto con nosotros y estaremos encantados de ayudarte.","robots":{"index":"index","follow":"follow","max-snippet":"max-snippet:-1","max-image-preview":"max-image-preview:large","max-video-preview":"max-video-preview:-1"},"canonical":"https:\/\/linguistancia.es\/fr\/contact","og_locale":"fr_FR","og_type":"article","og_title":"Contact | Linguistancia","og_description":"\u00bfListo\/a para embarcarte en esta aventura ling\u00fc\u00edstica en Francia? Ponte en contacto con nosotros y estaremos encantados de ayudarte.","og_url":"https:\/\/linguistancia.es\/fr\/contact","og_site_name":"Linguistancia","article_publisher":"https:\/\/www.facebook.com\/Linguistancia-102064265738986","article_modified_time":"2025-12-15T11:53:28+00:00","og_image":[{"width":565,"height":228,"url":"https:\/\/linguistancia.es\/fr\/wp-content\/uploads\/2021\/12\/linguistancia-2.png","type":"image\/png"}],"twitter_card":"summary_large_image","twitter_misc":{"Dur\u00e9e de lecture estim\u00e9e":"1 minute"},"schema":{"@context":"https:\/\/schema.org","@graph":[{"@type":"WebPage","@id":"https:\/\/linguistancia.es\/fr\/contact","url":"https:\/\/linguistancia.es\/fr\/contact","name":"Contact | Linguistancia","isPartOf":{"@id":"https:\/\/linguistancia.es\/fr\/#website"},"datePublished":"2021-11-18T00:48:23+00:00","dateModified":"2025-12-15T11:53:28+00:00","description":"\u00bfListo\/a para embarcarte en esta aventura ling\u00fc\u00edstica en Francia? Ponte en contacto con nosotros y estaremos encantados de ayudarte.","breadcrumb":{"@id":"https:\/\/linguistancia.es\/fr\/contact#breadcrumb"},"inLanguage":"fr-FR","potentialAction":[{"@type":"ReadAction","target":["https:\/\/linguistancia.es\/fr\/contact"]}]},{"@type":"BreadcrumbList","@id":"https:\/\/linguistancia.es\/fr\/contact#breadcrumb","itemListElement":[{"@type":"ListItem","position":1,"name":"Portada","item":"https:\/\/linguistancia.es\/fr\/"},{"@type":"ListItem","position":2,"name":"Contact"}]},{"@type":"WebSite","@id":"https:\/\/linguistancia.es\/fr\/#website","url":"https:\/\/linguistancia.es\/fr\/","name":"Linguistancia","description":"Aprender sin fronteras","publisher":{"@id":"https:\/\/linguistancia.es\/fr\/#organization"},"potentialAction":[{"@type":"SearchAction","target":{"@type":"EntryPoint","urlTemplate":"https:\/\/linguistancia.es\/fr\/?s={search_term_string}"},"query-input":{"@type":"PropertyValueSpecification","valueRequired":true,"valueName":"search_term_string"}}],"inLanguage":"fr-FR"},{"@type":"Organization","@id":"https:\/\/linguistancia.es\/fr\/#organization","name":"Linguistancia","url":"https:\/\/linguistancia.es\/fr\/","logo":{"@type":"ImageObject","inLanguage":"fr-FR","@id":"https:\/\/linguistancia.es\/fr\/#\/schema\/logo\/image\/","url":"https:\/\/linguistancia.es\/wp-content\/uploads\/2021\/12\/linguistancia-2.png","contentUrl":"https:\/\/linguistancia.es\/wp-content\/uploads\/2021\/12\/linguistancia-2.png","width":565,"height":228,"caption":"Linguistancia"},"image":{"@id":"https:\/\/linguistancia.es\/fr\/#\/schema\/logo\/image\/"},"sameAs":["https:\/\/www.facebook.com\/Linguistancia-102064265738986","https:\/\/www.instagram.com\/linguistancia\/"]}]}},"rttpg_featured_image_url":null,"rttpg_author":{"display_name":"valencia","author_link":"https:\/\/linguistancia.es\/fr\/author\/valencia"},"rttpg_comment":0,"rttpg_category":null,"rttpg_excerpt":"Contact Apprenez l\u2019espagnol en Espagne et am\u00e9liorez vos comp\u00e9tences linguistiques de mani\u00e8re captivante !Sur notre site web, nous vous proposons des s\u00e9jours linguistiques depuis la &hellip;","_links":{"self":[{"href":"https:\/\/linguistancia.es\/fr\/wp-json\/wp\/v2\/pages\/27","targetHints":{"allow":["GET"]}}],"collection":[{"href":"https:\/\/linguistancia.es\/fr\/wp-json\/wp\/v2\/pages"}],"about":[{"href":"https:\/\/linguistancia.es\/fr\/wp-json\/wp\/v2\/types\/page"}],"author":[{"embeddable":true,"href":"https:\/\/linguistancia.es\/fr\/wp-json\/wp\/v2\/users\/1"}],"replies":[{"embeddable":true,"href":"https:\/\/linguistancia.es\/fr\/wp-json\/wp\/v2\/comments?post=27"}],"version-history":[{"count":166,"href":"https:\/\/linguistancia.es\/fr\/wp-json\/wp\/v2\/pages\/27\/revisions"}],"predecessor-version":[{"id":4694,"href":"https:\/\/linguistancia.es\/fr\/wp-json\/wp\/v2\/pages\/27\/revisions\/4694"}],"wp:attachment":[{"href":"https:\/\/linguistancia.es\/fr\/wp-json\/wp\/v2\/media?parent=27"}],"curies":[{"name":"wp","href":"https:\/\/api.w.org\/{rel}","templated":true}]}}