{"id":29,"date":"2021-11-18T00:49:16","date_gmt":"2021-11-18T00:49:16","guid":{"rendered":"http:\/\/linguistancia.es\/?page_id=29"},"modified":"2025-12-15T11:54:10","modified_gmt":"2025-12-15T11:54:10","slug":"temoignages","status":"publish","type":"page","link":"https:\/\/linguistancia.es\/fr\/temoignages","title":{"rendered":"Exp\u00e9riences"},"content":{"rendered":"\t\t<div data-elementor-type=\"wp-page\" data-elementor-id=\"29\" class=\"elementor elementor-29\">\n\t\t\t\t\t\t<section class=\"elementor-section elementor-top-section elementor-element elementor-element-38bbf87 first-section elementor-section-boxed elementor-section-height-default elementor-section-height-default\" data-id=\"38bbf87\" data-element_type=\"section\">\n\t\t\t\t\t\t<div class=\"elementor-container elementor-column-gap-default\">\n\t\t\t\t\t<div class=\"elementor-column elementor-col-100 elementor-top-column elementor-element elementor-element-1cbc094\" data-id=\"1cbc094\" data-element_type=\"column\">\n\t\t\t<div class=\"elementor-widget-wrap elementor-element-populated\">\n\t\t\t\t\t\t<div class=\"elementor-element elementor-element-af94311 elementor-widget elementor-widget-shortcode\" data-id=\"af94311\" data-element_type=\"widget\" data-widget_type=\"shortcode.default\">\n\t\t\t\t<div class=\"elementor-widget-container\">\n\t\t\t\t\t\t\t<div class=\"elementor-shortcode\"><\/div>\n\t\t\t\t\t\t<\/div>\n\t\t\t\t<\/div>\n\t\t\t\t\t<\/div>\n\t\t<\/div>\n\t\t\t\t\t<\/div>\n\t\t<\/section>\n\t\t\t\t<section class=\"elementor-section elementor-top-section elementor-element elementor-element-32c7262 elementor-section-boxed elementor-section-height-default elementor-section-height-default\" data-id=\"32c7262\" data-element_type=\"section\">\n\t\t\t\t\t\t<div class=\"elementor-container elementor-column-gap-default\">\n\t\t\t\t\t<div class=\"elementor-column elementor-col-25 elementor-top-column elementor-element elementor-element-9a1b81c\" data-id=\"9a1b81c\" data-element_type=\"column\">\n\t\t\t<div class=\"elementor-widget-wrap\">\n\t\t\t\t\t\t\t<\/div>\n\t\t<\/div>\n\t\t\t\t<div class=\"elementor-column elementor-col-50 elementor-top-column elementor-element elementor-element-24b22f1\" data-id=\"24b22f1\" data-element_type=\"column\">\n\t\t\t<div class=\"elementor-widget-wrap elementor-element-populated\">\n\t\t\t\t\t\t<div class=\"elementor-element elementor-element-17f1fb1 elementor-widget-divider--view-line elementor-widget elementor-widget-divider\" data-id=\"17f1fb1\" data-element_type=\"widget\" data-widget_type=\"divider.default\">\n\t\t\t\t<div class=\"elementor-widget-container\">\n\t\t\t\t\t\t\t<div class=\"elementor-divider\">\n\t\t\t<span class=\"elementor-divider-separator\">\n\t\t\t\t\t\t<\/span>\n\t\t<\/div>\n\t\t\t\t\t\t<\/div>\n\t\t\t\t<\/div>\n\t\t\t\t<div class=\"elementor-element elementor-element-d544c51 elementor-widget elementor-widget-heading\" data-id=\"d544c51\" data-element_type=\"widget\" data-widget_type=\"heading.default\">\n\t\t\t\t<div class=\"elementor-widget-container\">\n\t\t\t\t\t<h2 class=\"elementor-heading-title elementor-size-default\">Exp\u00e9riences<\/h2>\t\t\t\t<\/div>\n\t\t\t\t<\/div>\n\t\t\t\t<div class=\"elementor-element elementor-element-972621a elementor-widget-divider--view-line elementor-widget elementor-widget-divider\" data-id=\"972621a\" data-element_type=\"widget\" data-widget_type=\"divider.default\">\n\t\t\t\t<div class=\"elementor-widget-container\">\n\t\t\t\t\t\t\t<div class=\"elementor-divider\">\n\t\t\t<span class=\"elementor-divider-separator\">\n\t\t\t\t\t\t<\/span>\n\t\t<\/div>\n\t\t\t\t\t\t<\/div>\n\t\t\t\t<\/div>\n\t\t\t\t<div class=\"elementor-element elementor-element-814716c elementor-widget elementor-widget-strong_testimonials_elementor_views\" data-id=\"814716c\" data-element_type=\"widget\" data-widget_type=\"strong_testimonials_elementor_views.default\">\n\t\t\t\t<div class=\"elementor-widget-container\">\n\t\t\t\t\t<div class=\"strong-view strong-view-id-4 unstyled wpmtst-unstyled\" data-count=4><div class=\"strong-content strong-normal columns-1\"><div class=\"wpmtst-testimonial testimonial excerpt post-3676\"><div class=\"wpmtst-testimonial-inner testimonial-inner\"><div  class=\"wpmtst-testimonial-content testimonial-content\"><div class=\"wpmtst-testimonial-image testimonial-image\"><img decoding=\"async\" width=\"150\" height=\"150\" src=\"https:\/\/linguistancia.es\/fr\/wp-content\/uploads\/2025\/12\/ruelles-maisons-france-150x150.png\" class=\"attachment-thumbnail size-thumbnail wp-post-image\" alt=\"\" srcset=\"https:\/\/linguistancia.es\/fr\/wp-content\/uploads\/2025\/12\/ruelles-maisons-france-150x150.png 150w, https:\/\/linguistancia.es\/fr\/wp-content\/uploads\/2025\/12\/ruelles-maisons-france-75x75.png 75w\" sizes=\"(max-width: 150px) 100vw, 150px\" \/><\/div><div class=\"maybe-clear\"><\/div><p>J\u2019ai fait appel \u00e0 Linguistancia pour le s\u00e9jour de mon fils adolescent et nous avons \u00e9t\u00e9 tr\u00e8s agr\u00e9ablement surpris. De la pr\u00e9paration du voyage au&hellip; <a href=\"https:\/\/linguistancia.es\/fr\/testimonial\/comentario-9\" class=\"readmore\">Lire la suite \u2192<span class=\"screen-reader-text\"> \u00ab\u00a0Luis &#8211; S\u00e9jour en France\u00a0\u00bb<\/span><\/a><\/p><\/div><div class=\"wpmtst-testimonial-field testimonial-field testimonial-name\">Luis - S\u00e9jour en France<\/div><div class=\"clear\"><\/div><\/div><\/div><div class=\"wpmtst-testimonial testimonial excerpt post-3675\"><div class=\"wpmtst-testimonial-inner testimonial-inner\"><div  class=\"wpmtst-testimonial-content testimonial-content\"><div class=\"wpmtst-testimonial-image testimonial-image\"><img decoding=\"async\" width=\"150\" height=\"150\" src=\"https:\/\/linguistancia.es\/fr\/wp-content\/uploads\/2025\/12\/torres-valencia-150x150.png\" class=\"attachment-thumbnail size-thumbnail wp-post-image\" alt=\"\" srcset=\"https:\/\/linguistancia.es\/fr\/wp-content\/uploads\/2025\/12\/torres-valencia-150x150.png 150w, https:\/\/linguistancia.es\/fr\/wp-content\/uploads\/2025\/12\/torres-valencia-75x75.png 75w\" sizes=\"(max-width: 150px) 100vw, 150px\" \/><\/div><div class=\"maybe-clear\"><\/div><p>Cet \u00e9t\u00e9, mon fils de 16 ans a suivi un cours d\u2019espagnol \u00e0 Valence avec Linguistancia et l\u2019exp\u00e9rience a \u00e9t\u00e9 formidable. D\u00e8s le premier contact,&hellip; <a href=\"https:\/\/linguistancia.es\/fr\/testimonial\/temoignage-7\" class=\"readmore\">Lire la suite \u2192<span class=\"screen-reader-text\"> \u00ab\u00a0Hugo &#8211; Val\u00e8ncia\u00a0\u00bb<\/span><\/a><\/p><\/div><div class=\"wpmtst-testimonial-field testimonial-field testimonial-name\">Hugo - Val\u00e8ncia<\/div><div class=\"clear\"><\/div><\/div><\/div><div class=\"wpmtst-testimonial testimonial excerpt post-442\"><div class=\"wpmtst-testimonial-inner testimonial-inner\"><div  class=\"wpmtst-testimonial-content testimonial-content\"><div class=\"wpmtst-testimonial-image testimonial-image\"><img decoding=\"async\" width=\"150\" height=\"150\" src=\"https:\/\/linguistancia.es\/fr\/wp-content\/uploads\/2025\/12\/chateau-france-150x150.png\" class=\"attachment-thumbnail size-thumbnail wp-post-image\" alt=\"\" srcset=\"https:\/\/linguistancia.es\/fr\/wp-content\/uploads\/2025\/12\/chateau-france-150x150.png 150w, https:\/\/linguistancia.es\/fr\/wp-content\/uploads\/2025\/12\/chateau-france-75x75.png 75w\" sizes=\"(max-width: 150px) 100vw, 150px\" \/><\/div><div class=\"maybe-clear\"><\/div><p>Ma fille et moi avons fait confiance \u00e0 Linguistancia pour organiser son premier s\u00e9jour linguistique et nous ne pourrions pas \u00eatre plus satisfaits. Ils nous&hellip; <a href=\"https:\/\/linguistancia.es\/fr\/testimonial\/temoignage-6\" class=\"readmore\">Lire la suite \u2192<span class=\"screen-reader-text\"> \u00ab\u00a0Lucia et Cristina &#8211; S\u00e9jours en France\u00a0\u00bb<\/span><\/a><\/p><\/div><div class=\"wpmtst-testimonial-field testimonial-field testimonial-name\">Emma et Sylvie - S\u00e9jours en France<\/div><div class=\"clear\"><\/div><\/div><\/div><div class=\"wpmtst-testimonial testimonial excerpt post-441\"><div class=\"wpmtst-testimonial-inner testimonial-inner\"><div  class=\"wpmtst-testimonial-content testimonial-content\"><div class=\"wpmtst-testimonial-image testimonial-image\"><img loading=\"lazy\" decoding=\"async\" width=\"150\" height=\"150\" src=\"https:\/\/linguistancia.es\/fr\/wp-content\/uploads\/2025\/12\/paysage-suisse-150x150.png\" class=\"attachment-thumbnail size-thumbnail wp-post-image\" alt=\"\" srcset=\"https:\/\/linguistancia.es\/fr\/wp-content\/uploads\/2025\/12\/paysage-suisse-150x150.png 150w, https:\/\/linguistancia.es\/fr\/wp-content\/uploads\/2025\/12\/paysage-suisse-75x75.png 75w\" sizes=\"(max-width: 150px) 100vw, 150px\" \/><\/div><div class=\"maybe-clear\"><\/div><p>Cet \u00e9t\u00e9, j\u2019ai particip\u00e9 \u00e0 un s\u00e9jour linguistique en Suisse avec Linguistancia et l\u2019exp\u00e9rience a \u00e9t\u00e9 exceptionnelle. L\u2019\u00e9quipe a \u00e9t\u00e9 tr\u00e8s professionnelle d\u00e8s le d\u00e9part,&hellip; <a href=\"https:\/\/linguistancia.es\/fr\/testimonial\/temoignage-5\" class=\"readmore\">Lire la suite \u2192<span class=\"screen-reader-text\"> \u00ab\u00a0Carlos &#8211; S\u00e9jour en Suisse\u00a0\u00bb<\/span><\/a><\/p><\/div><div class=\"wpmtst-testimonial-field testimonial-field testimonial-name\">Carlos - S\u00e9jour en Suisse<\/div><div class=\"clear\"><\/div><\/div><\/div><\/div><\/div>\t\t\t\t<\/div>\n\t\t\t\t<\/div>\n\t\t\t\t\t<\/div>\n\t\t<\/div>\n\t\t\t\t<div class=\"elementor-column elementor-col-25 elementor-top-column elementor-element elementor-element-bc671a0\" data-id=\"bc671a0\" data-element_type=\"column\">\n\t\t\t<div class=\"elementor-widget-wrap\">\n\t\t\t\t\t\t\t<\/div>\n\t\t<\/div>\n\t\t\t\t\t<\/div>\n\t\t<\/section>\n\t\t\t\t<\/div>\n\t\t","protected":false},"excerpt":{"rendered":"<p>Exp\u00e9riences<\/p>\n","protected":false},"author":1,"featured_media":0,"parent":0,"menu_order":0,"comment_status":"closed","ping_status":"closed","template":"","meta":{"footnotes":""},"class_list":["post-29","page","type-page","status-publish","hentry","latest_post"],"yoast_head":"<!-- This site is optimized with the Yoast SEO plugin v26.4 - https:\/\/yoast.com\/wordpress\/plugins\/seo\/ -->\n<title>Exp\u00e9riences | Linguistancia<\/title>\n<meta name=\"description\" content=\"Encontrar\u00e1s testimonios de alumnos que, como t\u00fa, han decidido vivir esta incre\u00edble experiencia de ir a Francia para una estancia ling\u00fc\u00edstica.\" \/>\n<meta name=\"robots\" content=\"index, follow, max-snippet:-1, max-image-preview:large, max-video-preview:-1\" \/>\n<link rel=\"canonical\" href=\"https:\/\/linguistancia.es\/fr\/temoignages\" \/>\n<meta property=\"og:locale\" content=\"fr_FR\" \/>\n<meta property=\"og:type\" content=\"article\" \/>\n<meta property=\"og:title\" content=\"Exp\u00e9riences | Linguistancia\" \/>\n<meta property=\"og:description\" content=\"Encontrar\u00e1s testimonios de alumnos que, como t\u00fa, han decidido vivir esta incre\u00edble experiencia de ir a Francia para una estancia ling\u00fc\u00edstica.\" \/>\n<meta property=\"og:url\" content=\"https:\/\/linguistancia.es\/fr\/temoignages\" \/>\n<meta property=\"og:site_name\" content=\"Linguistancia\" \/>\n<meta property=\"article:publisher\" content=\"https:\/\/www.facebook.com\/Linguistancia-102064265738986\" \/>\n<meta property=\"article:modified_time\" content=\"2025-12-15T11:54:10+00:00\" \/>\n<meta property=\"og:image\" content=\"https:\/\/linguistancia.es\/fr\/wp-content\/uploads\/2021\/12\/linguistancia-2.png\" \/>\n\t<meta property=\"og:image:width\" content=\"565\" \/>\n\t<meta property=\"og:image:height\" content=\"228\" \/>\n\t<meta property=\"og:image:type\" content=\"image\/png\" \/>\n<meta name=\"twitter:card\" content=\"summary_large_image\" \/>\n<meta name=\"twitter:label1\" content=\"Dur\u00e9e de lecture estim\u00e9e\" \/>\n\t<meta name=\"twitter:data1\" content=\"1 minute\" \/>\n<script type=\"application\/ld+json\" class=\"yoast-schema-graph\">{\"@context\":\"https:\/\/schema.org\",\"@graph\":[{\"@type\":\"WebPage\",\"@id\":\"https:\/\/linguistancia.es\/fr\/temoignages\",\"url\":\"https:\/\/linguistancia.es\/fr\/temoignages\",\"name\":\"Exp\u00e9riences | Linguistancia\",\"isPartOf\":{\"@id\":\"https:\/\/linguistancia.es\/fr\/#website\"},\"datePublished\":\"2021-11-18T00:49:16+00:00\",\"dateModified\":\"2025-12-15T11:54:10+00:00\",\"description\":\"Encontrar\u00e1s testimonios de alumnos que, como t\u00fa, han decidido vivir esta incre\u00edble experiencia de ir a Francia para una estancia ling\u00fc\u00edstica.\",\"breadcrumb\":{\"@id\":\"https:\/\/linguistancia.es\/fr\/temoignages#breadcrumb\"},\"inLanguage\":\"fr-FR\",\"potentialAction\":[{\"@type\":\"ReadAction\",\"target\":[\"https:\/\/linguistancia.es\/fr\/temoignages\"]}]},{\"@type\":\"BreadcrumbList\",\"@id\":\"https:\/\/linguistancia.es\/fr\/temoignages#breadcrumb\",\"itemListElement\":[{\"@type\":\"ListItem\",\"position\":1,\"name\":\"Portada\",\"item\":\"https:\/\/linguistancia.es\/fr\/\"},{\"@type\":\"ListItem\",\"position\":2,\"name\":\"Exp\u00e9riences\"}]},{\"@type\":\"WebSite\",\"@id\":\"https:\/\/linguistancia.es\/fr\/#website\",\"url\":\"https:\/\/linguistancia.es\/fr\/\",\"name\":\"Linguistancia\",\"description\":\"Aprender sin fronteras\",\"publisher\":{\"@id\":\"https:\/\/linguistancia.es\/fr\/#organization\"},\"potentialAction\":[{\"@type\":\"SearchAction\",\"target\":{\"@type\":\"EntryPoint\",\"urlTemplate\":\"https:\/\/linguistancia.es\/fr\/?s={search_term_string}\"},\"query-input\":{\"@type\":\"PropertyValueSpecification\",\"valueRequired\":true,\"valueName\":\"search_term_string\"}}],\"inLanguage\":\"fr-FR\"},{\"@type\":\"Organization\",\"@id\":\"https:\/\/linguistancia.es\/fr\/#organization\",\"name\":\"Linguistancia\",\"url\":\"https:\/\/linguistancia.es\/fr\/\",\"logo\":{\"@type\":\"ImageObject\",\"inLanguage\":\"fr-FR\",\"@id\":\"https:\/\/linguistancia.es\/fr\/#\/schema\/logo\/image\/\",\"url\":\"https:\/\/linguistancia.es\/wp-content\/uploads\/2021\/12\/linguistancia-2.png\",\"contentUrl\":\"https:\/\/linguistancia.es\/wp-content\/uploads\/2021\/12\/linguistancia-2.png\",\"width\":565,\"height\":228,\"caption\":\"Linguistancia\"},\"image\":{\"@id\":\"https:\/\/linguistancia.es\/fr\/#\/schema\/logo\/image\/\"},\"sameAs\":[\"https:\/\/www.facebook.com\/Linguistancia-102064265738986\",\"https:\/\/www.instagram.com\/linguistancia\/\"]}]}<\/script>\n<!-- \/ Yoast SEO plugin. -->","yoast_head_json":{"title":"Exp\u00e9riences | Linguistancia","description":"Encontrar\u00e1s testimonios de alumnos que, como t\u00fa, han decidido vivir esta incre\u00edble experiencia de ir a Francia para una estancia ling\u00fc\u00edstica.","robots":{"index":"index","follow":"follow","max-snippet":"max-snippet:-1","max-image-preview":"max-image-preview:large","max-video-preview":"max-video-preview:-1"},"canonical":"https:\/\/linguistancia.es\/fr\/temoignages","og_locale":"fr_FR","og_type":"article","og_title":"Exp\u00e9riences | Linguistancia","og_description":"Encontrar\u00e1s testimonios de alumnos que, como t\u00fa, han decidido vivir esta incre\u00edble experiencia de ir a Francia para una estancia ling\u00fc\u00edstica.","og_url":"https:\/\/linguistancia.es\/fr\/temoignages","og_site_name":"Linguistancia","article_publisher":"https:\/\/www.facebook.com\/Linguistancia-102064265738986","article_modified_time":"2025-12-15T11:54:10+00:00","og_image":[{"width":565,"height":228,"url":"https:\/\/linguistancia.es\/fr\/wp-content\/uploads\/2021\/12\/linguistancia-2.png","type":"image\/png"}],"twitter_card":"summary_large_image","twitter_misc":{"Dur\u00e9e de lecture estim\u00e9e":"1 minute"},"schema":{"@context":"https:\/\/schema.org","@graph":[{"@type":"WebPage","@id":"https:\/\/linguistancia.es\/fr\/temoignages","url":"https:\/\/linguistancia.es\/fr\/temoignages","name":"Exp\u00e9riences | Linguistancia","isPartOf":{"@id":"https:\/\/linguistancia.es\/fr\/#website"},"datePublished":"2021-11-18T00:49:16+00:00","dateModified":"2025-12-15T11:54:10+00:00","description":"Encontrar\u00e1s testimonios de alumnos que, como t\u00fa, han decidido vivir esta incre\u00edble experiencia de ir a Francia para una estancia ling\u00fc\u00edstica.","breadcrumb":{"@id":"https:\/\/linguistancia.es\/fr\/temoignages#breadcrumb"},"inLanguage":"fr-FR","potentialAction":[{"@type":"ReadAction","target":["https:\/\/linguistancia.es\/fr\/temoignages"]}]},{"@type":"BreadcrumbList","@id":"https:\/\/linguistancia.es\/fr\/temoignages#breadcrumb","itemListElement":[{"@type":"ListItem","position":1,"name":"Portada","item":"https:\/\/linguistancia.es\/fr\/"},{"@type":"ListItem","position":2,"name":"Exp\u00e9riences"}]},{"@type":"WebSite","@id":"https:\/\/linguistancia.es\/fr\/#website","url":"https:\/\/linguistancia.es\/fr\/","name":"Linguistancia","description":"Aprender sin fronteras","publisher":{"@id":"https:\/\/linguistancia.es\/fr\/#organization"},"potentialAction":[{"@type":"SearchAction","target":{"@type":"EntryPoint","urlTemplate":"https:\/\/linguistancia.es\/fr\/?s={search_term_string}"},"query-input":{"@type":"PropertyValueSpecification","valueRequired":true,"valueName":"search_term_string"}}],"inLanguage":"fr-FR"},{"@type":"Organization","@id":"https:\/\/linguistancia.es\/fr\/#organization","name":"Linguistancia","url":"https:\/\/linguistancia.es\/fr\/","logo":{"@type":"ImageObject","inLanguage":"fr-FR","@id":"https:\/\/linguistancia.es\/fr\/#\/schema\/logo\/image\/","url":"https:\/\/linguistancia.es\/wp-content\/uploads\/2021\/12\/linguistancia-2.png","contentUrl":"https:\/\/linguistancia.es\/wp-content\/uploads\/2021\/12\/linguistancia-2.png","width":565,"height":228,"caption":"Linguistancia"},"image":{"@id":"https:\/\/linguistancia.es\/fr\/#\/schema\/logo\/image\/"},"sameAs":["https:\/\/www.facebook.com\/Linguistancia-102064265738986","https:\/\/www.instagram.com\/linguistancia\/"]}]}},"rttpg_featured_image_url":null,"rttpg_author":{"display_name":"valencia","author_link":"https:\/\/linguistancia.es\/fr\/author\/valencia"},"rttpg_comment":0,"rttpg_category":null,"rttpg_excerpt":"Exp\u00e9riences","_links":{"self":[{"href":"https:\/\/linguistancia.es\/fr\/wp-json\/wp\/v2\/pages\/29","targetHints":{"allow":["GET"]}}],"collection":[{"href":"https:\/\/linguistancia.es\/fr\/wp-json\/wp\/v2\/pages"}],"about":[{"href":"https:\/\/linguistancia.es\/fr\/wp-json\/wp\/v2\/types\/page"}],"author":[{"embeddable":true,"href":"https:\/\/linguistancia.es\/fr\/wp-json\/wp\/v2\/users\/1"}],"replies":[{"embeddable":true,"href":"https:\/\/linguistancia.es\/fr\/wp-json\/wp\/v2\/comments?post=29"}],"version-history":[{"count":110,"href":"https:\/\/linguistancia.es\/fr\/wp-json\/wp\/v2\/pages\/29\/revisions"}],"predecessor-version":[{"id":4697,"href":"https:\/\/linguistancia.es\/fr\/wp-json\/wp\/v2\/pages\/29\/revisions\/4697"}],"wp:attachment":[{"href":"https:\/\/linguistancia.es\/fr\/wp-json\/wp\/v2\/media?parent=29"}],"curies":[{"name":"wp","href":"https:\/\/api.w.org\/{rel}","templated":true}]}}