{"id":4416,"date":"2025-12-12T11:38:17","date_gmt":"2025-12-12T11:38:17","guid":{"rendered":"https:\/\/linguistancia.es\/fr\/?page_id=4416"},"modified":"2025-12-12T11:56:28","modified_gmt":"2025-12-12T11:56:28","slug":"politique-de-cookies","status":"publish","type":"page","link":"https:\/\/linguistancia.es\/fr\/politique-de-cookies","title":{"rendered":"Politique de cookies"},"content":{"rendered":"<div class=\"cli_pg_page_container\">\n<h2 data-start=\"508\" data-end=\"542\"><span style=\"color: #074987;\">Politique de Cookies<\/span><\/h2>\n<h2 data-start=\"508\" data-end=\"542\"><strong data-start=\"511\" data-end=\"542\">1. Qu\u2019est-ce qu\u2019un cookie ?<\/strong><\/h2>\n<p data-start=\"544\" data-end=\"842\">Un <em data-start=\"547\" data-end=\"555\">cookie<\/em> est un petit fichier texte d\u00e9pos\u00e9 sur votre terminal (ordinateur, tablette, smartphone) lorsque vous consultez un site web.<br data-start=\"679\" data-end=\"682\" \/>Il permet notamment de m\u00e9moriser vos pr\u00e9f\u00e9rences, d\u2019assurer le bon fonctionnement du site, d\u2019\u00e9tablir des statistiques ou de personnaliser les contenus affich\u00e9s.<\/p>\n<p data-start=\"844\" data-end=\"1028\">D\u2019autres traceurs similaires peuvent \u00e9galement \u00eatre utilis\u00e9s (balises, pixels, localStorage, etc.).<br data-start=\"943\" data-end=\"946\" \/>Dans la pr\u00e9sente politique, le terme <em data-start=\"983\" data-end=\"992\">cookies<\/em> d\u00e9signe l\u2019ensemble de ces traceurs.<\/p>\n<hr data-start=\"1030\" data-end=\"1033\" \/>\n<h2 data-start=\"1035\" data-end=\"1084\"><strong data-start=\"1038\" data-end=\"1084\">2. Quels types de cookies utilisons-nous ?<\/strong><\/h2>\n<p data-start=\"1086\" data-end=\"1157\">Sur ce Site Web, les cookies peuvent \u00eatre class\u00e9s selon leur finalit\u00e9 :<\/p>\n<h3 data-start=\"1159\" data-end=\"1230\"><strong data-start=\"1163\" data-end=\"1228\">a) Cookies strictement n\u00e9cessaires (exempt\u00e9s de consentement)<\/strong><\/h3>\n<p data-start=\"1231\" data-end=\"1368\">Ces cookies sont indispensables au fonctionnement du site et \u00e0 la fourniture des services que vous demandez.<br data-start=\"1339\" data-end=\"1342\" \/>Ils permettent notamment :<\/p>\n<ul data-start=\"1370\" data-end=\"1526\">\n<li data-start=\"1370\" data-end=\"1404\">\n<p data-start=\"1372\" data-end=\"1404\">d\u2019assurer la s\u00e9curit\u00e9 du site,<\/p>\n<\/li>\n<li data-start=\"1405\" data-end=\"1436\">\n<p data-start=\"1407\" data-end=\"1436\">de faciliter la navigation,<\/p>\n<\/li>\n<li data-start=\"1437\" data-end=\"1489\">\n<p data-start=\"1439\" data-end=\"1489\">d\u2019enregistrer votre choix en mati\u00e8re de cookies,<\/p>\n<\/li>\n<li data-start=\"1490\" data-end=\"1526\">\n<p data-start=\"1492\" data-end=\"1526\">d\u2019acc\u00e9der \u00e0 des espaces s\u00e9curis\u00e9s.<\/p>\n<\/li>\n<\/ul>\n<p data-start=\"1528\" data-end=\"1616\">Conform\u00e9ment aux r\u00e8gles de la CNIL, ces cookies ne n\u00e9cessitent pas votre consentimiento.<\/p>\n<h3 data-start=\"1618\" data-end=\"1714\"><strong data-start=\"1622\" data-end=\"1712\">b) Cookies de mesure d\u2019audience (soumis \u00e0 consentement sauf si strictement anonymis\u00e9s)<\/strong><\/h3>\n<p data-start=\"1715\" data-end=\"1848\">Nous utilisons des cookies permettant d\u2019\u00e9tablir des statistiques anonymes de fr\u00e9quentation afin d\u2019am\u00e9liorer la qualit\u00e9 de notre site.<\/p>\n<p data-start=\"1850\" data-end=\"1969\">Si ces cookies ne sont pas totalement anonymis\u00e9s selon les crit\u00e8res de la CNIL, ils n\u00e9cessitent votre accord pr\u00e9alable.<\/p>\n<h3 data-start=\"1971\" data-end=\"2011\"><strong data-start=\"1975\" data-end=\"2009\">c) Cookies de personnalisation<\/strong><\/h3>\n<p data-start=\"2012\" data-end=\"2184\">Ils permettent de m\u00e9moriser vos pr\u00e9f\u00e9rences (par exemple, langue ou r\u00e9gion) pour am\u00e9liorer votre exp\u00e9rience utilisateur.<br data-start=\"2132\" data-end=\"2135\" \/>Ils sont activ\u00e9s uniquement si vous les acceptez.<\/p>\n<h3 data-start=\"2186\" data-end=\"2256\"><strong data-start=\"2190\" data-end=\"2254\">d) Cookies publicitaires et de suivi (soumis \u00e0 consentement)<\/strong><\/h3>\n<p data-start=\"2257\" data-end=\"2284\">Ces cookies permettent de :<\/p>\n<ul data-start=\"2286\" data-end=\"2444\">\n<li data-start=\"2286\" data-end=\"2342\">\n<p data-start=\"2288\" data-end=\"2342\">personnaliser les publicit\u00e9s selon votre navigation,<\/p>\n<\/li>\n<li data-start=\"2343\" data-end=\"2396\">\n<p data-start=\"2345\" data-end=\"2396\">mesurer l\u2019efficacit\u00e9 des campagnes publicitaires,<\/p>\n<\/li>\n<li data-start=\"2397\" data-end=\"2444\">\n<p data-start=\"2399\" data-end=\"2444\">afficher des contenus adapt\u00e9s \u00e0 vos int\u00e9r\u00eats.<\/p>\n<\/li>\n<\/ul>\n<p data-start=\"2446\" data-end=\"2517\">Aucun traceur de ce type n\u2019est activ\u00e9 sans votre consentimiento expr\u00e8s.<\/p>\n<hr data-start=\"2519\" data-end=\"2522\" \/>\n<h2 data-start=\"2524\" data-end=\"2547\"><strong data-start=\"2527\" data-end=\"2547\">3. Cookies tiers<\/strong><\/h2>\n<p data-start=\"2549\" data-end=\"2681\">Certaines fonctionnalit\u00e9s du site utilisent des services fournis par des tiers et pouvant d\u00e9poser leurs propres cookies, notamment :<\/p>\n<ul data-start=\"2683\" data-end=\"2725\">\n<li data-start=\"2683\" data-end=\"2725\">\n<p data-start=\"2685\" data-end=\"2725\"><strong data-start=\"2685\" data-end=\"2705\">Google Analytics<\/strong> (mesure d\u2019audience)<\/p>\n<\/li>\n<\/ul>\n<p data-start=\"2727\" data-end=\"2878\">Ces tiers sont responsables des traitements effectu\u00e9s via leurs cookies.<br data-start=\"2799\" data-end=\"2802\" \/>Vous pouvez consulter leur politique de confidentialit\u00e9 pour en savoir plus.<\/p>\n<p data-start=\"2880\" data-end=\"2961\">\u27a1\ufe0f Politique de confidentialit\u00e9 de Google :<br data-start=\"2923\" data-end=\"2926\" \/><a class=\"decorated-link\" href=\"https:\/\/policies.google.com\/privacy\" target=\"_new\" rel=\"noopener\" data-start=\"2926\" data-end=\"2961\">https:\/\/policies.google.com\/privacy<\/a><\/p>\n<hr data-start=\"2963\" data-end=\"2966\" \/>\n<h2 data-start=\"2968\" data-end=\"3011\"><strong data-start=\"2971\" data-end=\"3011\">4. Dur\u00e9e de conservation des cookies<\/strong><\/h2>\n<p data-start=\"3013\" data-end=\"3058\">Conform\u00e9ment aux recommandations de la CNIL :<\/p>\n<ul data-start=\"3060\" data-end=\"3346\">\n<li data-start=\"3060\" data-end=\"3136\">\n<p data-start=\"3062\" data-end=\"3136\">Les cookies de session sont supprim\u00e9s lorsque vous fermez le navigateur.<\/p>\n<\/li>\n<li data-start=\"3137\" data-end=\"3203\">\n<p data-start=\"3139\" data-end=\"3203\">Les cookies persistants ont une dur\u00e9e maximale de <strong data-start=\"3189\" data-end=\"3200\">13 mois<\/strong>.<\/p>\n<\/li>\n<li data-start=\"3204\" data-end=\"3346\">\n<p data-start=\"3206\" data-end=\"3346\">Les choix exprim\u00e9s (consentement ou refus) sont conserv\u00e9s pendant <strong data-start=\"3272\" data-end=\"3282\">6 mois<\/strong>, apr\u00e8s quoi le bandeau de cookies vous sera \u00e0 nouveau pr\u00e9sent\u00e9.<\/p>\n<\/li>\n<\/ul>\n<hr data-start=\"3348\" data-end=\"3351\" \/>\n<h2 data-start=\"3353\" data-end=\"3390\"><strong data-start=\"3356\" data-end=\"3390\">5. Comment g\u00e9rer vos cookies ?<\/strong><\/h2>\n<p data-start=\"3392\" data-end=\"3455\">Au moment de votre premi\u00e8re visite, un bandeau vous permet de :<\/p>\n<ul data-start=\"3457\" data-end=\"3532\">\n<li data-start=\"3457\" data-end=\"3479\">\n<p data-start=\"3459\" data-end=\"3479\"><strong data-start=\"3459\" data-end=\"3476\">Accepter tout<\/strong>,<\/p>\n<\/li>\n<li data-start=\"3480\" data-end=\"3501\">\n<p data-start=\"3482\" data-end=\"3501\"><strong data-start=\"3482\" data-end=\"3498\">Refuser tout<\/strong>,<\/p>\n<\/li>\n<li data-start=\"3502\" data-end=\"3532\">\n<p data-start=\"3504\" data-end=\"3532\"><strong data-start=\"3504\" data-end=\"3531\">Personnaliser vos choix<\/strong>.<\/p>\n<\/li>\n<\/ul>\n<p data-start=\"3534\" data-end=\"3632\"><strong data-start=\"3534\" data-end=\"3587\">Le refus doit \u00eatre aussi simple que l\u2019acceptation<\/strong>, conform\u00e9ment \u00e0 la r\u00e9glementation fran\u00e7aise.<\/p>\n<p data-start=\"3634\" data-end=\"3754\">Vous pouvez modifier vos pr\u00e9f\u00e9rences \u00e0 tout moment en cliquant sur le lien \u00ab G\u00e9rer les cookies \u00bb pr\u00e9sent en bas de page.<\/p>\n<hr data-start=\"3756\" data-end=\"3759\" \/>\n<h2 data-start=\"3761\" data-end=\"3824\"><strong data-start=\"3764\" data-end=\"3824\">6. Comment d\u00e9sactiver les cookies via votre navigateur ?<\/strong><\/h2>\n<p data-start=\"3826\" data-end=\"3936\">Vous pouvez \u00e9galement supprimer ou bloquer les cookies directement depuis les param\u00e8tres de votre navigateur :<\/p>\n<ul data-start=\"3938\" data-end=\"4005\">\n<li data-start=\"3938\" data-end=\"3949\">\n<p data-start=\"3940\" data-end=\"3949\">Firefox<\/p>\n<\/li>\n<li data-start=\"3950\" data-end=\"3967\">\n<p data-start=\"3952\" data-end=\"3967\">Google Chrome<\/p>\n<\/li>\n<li data-start=\"3968\" data-end=\"3978\">\n<p data-start=\"3970\" data-end=\"3978\">Safari<\/p>\n<\/li>\n<li data-start=\"3979\" data-end=\"3997\">\n<p data-start=\"3981\" data-end=\"3997\">Microsoft Edge<\/p>\n<\/li>\n<li data-start=\"3998\" data-end=\"4005\">\n<p data-start=\"4000\" data-end=\"4005\">Opera<\/p>\n<\/li>\n<\/ul>\n<p data-start=\"4007\" data-end=\"4086\">La d\u00e9sactivation des cookies techniques peut alt\u00e9rer le fonctionnement du site.<\/p>\n<hr data-start=\"4088\" data-end=\"4091\" \/>\n<h2 data-start=\"4093\" data-end=\"4128\"><strong data-start=\"4096\" data-end=\"4128\">7. Responsable du traitement<\/strong><\/h2>\n<p data-start=\"4130\" data-end=\"4296\">Responsable : <strong data-start=\"4144\" data-end=\"4160\">Marc Escalon<\/strong><br data-start=\"4160\" data-end=\"4163\" \/>Adresse : Calle Palleter 57, pta 2, Valencia \u2013 Espagne<br data-start=\"4217\" data-end=\"4220\" \/>E-mail : <strong data-start=\"4229\" data-end=\"4254\"><a class=\"decorated-link cursor-pointer\" rel=\"noopener\" data-start=\"4231\" data-end=\"4252\">loloescalon@gmail.com<\/a><\/strong><br data-start=\"4254\" data-end=\"4257\" \/>Site Web : <a class=\"decorated-link\" href=\"https:\/\/linguistancia.es\/fr\/\" target=\"_new\" rel=\"noopener\" data-start=\"4268\" data-end=\"4296\">https:\/\/linguistancia.es\/fr\/<\/a><\/p>\n<hr data-start=\"4298\" data-end=\"4301\" \/>\n<h2 data-start=\"4303\" data-end=\"4323\"><strong data-start=\"4306\" data-end=\"4323\">8. Vos droits<\/strong><\/h2>\n<p data-start=\"4325\" data-end=\"4411\">Conform\u00e9ment au RGPD et \u00e0 la loi Informatique et Libert\u00e9s modifi\u00e9e, vous disposez de :<\/p>\n<ul data-start=\"4413\" data-end=\"4624\">\n<li data-start=\"4413\" data-end=\"4431\">\n<p data-start=\"4415\" data-end=\"4431\">droit d\u2019acc\u00e8s,<\/p>\n<\/li>\n<li data-start=\"4432\" data-end=\"4459\">\n<p data-start=\"4434\" data-end=\"4459\">droit de rectification,<\/p>\n<\/li>\n<li data-start=\"4460\" data-end=\"4485\">\n<p data-start=\"4462\" data-end=\"4485\">droit \u00e0 l\u2019effacement,<\/p>\n<\/li>\n<li data-start=\"4486\" data-end=\"4526\">\n<p data-start=\"4488\" data-end=\"4526\">droit \u00e0 la limitation du traitement,<\/p>\n<\/li>\n<li data-start=\"4527\" data-end=\"4550\">\n<p data-start=\"4529\" data-end=\"4550\">droit d\u2019opposition,<\/p>\n<\/li>\n<li data-start=\"4551\" data-end=\"4624\">\n<p data-start=\"4553\" data-end=\"4624\">droit d\u2019introduire une r\u00e9clamation aupr\u00e8s de la <strong data-start=\"4601\" data-end=\"4609\">CNIL<\/strong> (<a class=\"decorated-link cursor-pointer\" target=\"_new\" rel=\"noopener\" data-start=\"4611\" data-end=\"4622\">www.cnil.fr<\/a>).<\/p>\n<\/li>\n<\/ul>\n<p data-start=\"4626\" data-end=\"4682\">Pour exercer vos droits :<br data-start=\"4651\" data-end=\"4654\" \/>\ud83d\udce7 <strong data-start=\"4657\" data-end=\"4682\"><a class=\"decorated-link cursor-pointer\" rel=\"noopener\" data-start=\"4659\" data-end=\"4680\">loloescalon@gmail.com<\/a><\/strong><\/p>\n<hr data-start=\"4684\" data-end=\"4687\" \/>\n<h2 data-start=\"4689\" data-end=\"4737\"><strong data-start=\"4692\" data-end=\"4737\">9. Mise \u00e0 jour de la Politique de Cookies<\/strong><\/h2>\n<p data-start=\"4739\" data-end=\"4923\">La pr\u00e9sente politique peut \u00eatre modifi\u00e9e pour tenir compte de changements l\u00e9gislatifs, techniques ou op\u00e9rationnels.<br data-start=\"4854\" data-end=\"4857\" \/>La version la plus r\u00e9cente est toujours disponible sur cette page.<\/p>\n<\/div>\n","protected":false},"excerpt":{"rendered":"<p>Politique de Cookies 1. Qu\u2019est-ce qu\u2019un cookie ? Un cookie est un petit fichier texte d\u00e9pos\u00e9 sur votre terminal (ordinateur, tablette, smartphone) lorsque vous consultez &hellip; <\/p>\n","protected":false},"author":1,"featured_media":0,"parent":0,"menu_order":0,"comment_status":"closed","ping_status":"closed","template":"page-espaciado.php","meta":{"footnotes":""},"class_list":["post-4416","page","type-page","status-publish","hentry","latest_post"],"yoast_head":"<!-- This site is optimized with the Yoast SEO plugin v26.4 - https:\/\/yoast.com\/wordpress\/plugins\/seo\/ -->\n<title>Politique de cookies | Linguistancia<\/title>\n<meta name=\"robots\" content=\"index, follow, max-snippet:-1, max-image-preview:large, max-video-preview:-1\" \/>\n<link rel=\"canonical\" href=\"https:\/\/linguistancia.es\/fr\/politique-de-cookies\" \/>\n<meta property=\"og:locale\" content=\"fr_FR\" \/>\n<meta property=\"og:type\" content=\"article\" \/>\n<meta property=\"og:title\" content=\"Politique de cookies | Linguistancia\" \/>\n<meta property=\"og:description\" content=\"Politique de Cookies 1. Qu\u2019est-ce qu\u2019un cookie ? Un cookie est un petit fichier texte d\u00e9pos\u00e9 sur votre terminal (ordinateur, tablette, smartphone) lorsque vous consultez &hellip;\" \/>\n<meta property=\"og:url\" content=\"https:\/\/linguistancia.es\/fr\/politique-de-cookies\" \/>\n<meta property=\"og:site_name\" content=\"Linguistancia\" \/>\n<meta property=\"article:publisher\" content=\"https:\/\/www.facebook.com\/Linguistancia-102064265738986\" \/>\n<meta property=\"article:modified_time\" content=\"2025-12-12T11:56:28+00:00\" \/>\n<meta property=\"og:image\" content=\"https:\/\/linguistancia.es\/fr\/wp-content\/uploads\/2021\/12\/linguistancia-2.png\" \/>\n\t<meta property=\"og:image:width\" content=\"565\" \/>\n\t<meta property=\"og:image:height\" content=\"228\" \/>\n\t<meta property=\"og:image:type\" content=\"image\/png\" \/>\n<meta name=\"twitter:card\" content=\"summary_large_image\" \/>\n<meta name=\"twitter:label1\" content=\"Dur\u00e9e de lecture estim\u00e9e\" \/>\n\t<meta name=\"twitter:data1\" content=\"3 minutes\" \/>\n<script type=\"application\/ld+json\" class=\"yoast-schema-graph\">{\"@context\":\"https:\/\/schema.org\",\"@graph\":[{\"@type\":\"WebPage\",\"@id\":\"https:\/\/linguistancia.es\/fr\/politique-de-cookies\",\"url\":\"https:\/\/linguistancia.es\/fr\/politique-de-cookies\",\"name\":\"Politique de cookies | Linguistancia\",\"isPartOf\":{\"@id\":\"https:\/\/linguistancia.es\/fr\/#website\"},\"datePublished\":\"2025-12-12T11:38:17+00:00\",\"dateModified\":\"2025-12-12T11:56:28+00:00\",\"breadcrumb\":{\"@id\":\"https:\/\/linguistancia.es\/fr\/politique-de-cookies#breadcrumb\"},\"inLanguage\":\"fr-FR\",\"potentialAction\":[{\"@type\":\"ReadAction\",\"target\":[\"https:\/\/linguistancia.es\/fr\/politique-de-cookies\"]}]},{\"@type\":\"BreadcrumbList\",\"@id\":\"https:\/\/linguistancia.es\/fr\/politique-de-cookies#breadcrumb\",\"itemListElement\":[{\"@type\":\"ListItem\",\"position\":1,\"name\":\"Portada\",\"item\":\"https:\/\/linguistancia.es\/fr\/\"},{\"@type\":\"ListItem\",\"position\":2,\"name\":\"Politique de cookies\"}]},{\"@type\":\"WebSite\",\"@id\":\"https:\/\/linguistancia.es\/fr\/#website\",\"url\":\"https:\/\/linguistancia.es\/fr\/\",\"name\":\"Linguistancia\",\"description\":\"Aprender sin fronteras\",\"publisher\":{\"@id\":\"https:\/\/linguistancia.es\/fr\/#organization\"},\"potentialAction\":[{\"@type\":\"SearchAction\",\"target\":{\"@type\":\"EntryPoint\",\"urlTemplate\":\"https:\/\/linguistancia.es\/fr\/?s={search_term_string}\"},\"query-input\":{\"@type\":\"PropertyValueSpecification\",\"valueRequired\":true,\"valueName\":\"search_term_string\"}}],\"inLanguage\":\"fr-FR\"},{\"@type\":\"Organization\",\"@id\":\"https:\/\/linguistancia.es\/fr\/#organization\",\"name\":\"Linguistancia\",\"url\":\"https:\/\/linguistancia.es\/fr\/\",\"logo\":{\"@type\":\"ImageObject\",\"inLanguage\":\"fr-FR\",\"@id\":\"https:\/\/linguistancia.es\/fr\/#\/schema\/logo\/image\/\",\"url\":\"https:\/\/linguistancia.es\/wp-content\/uploads\/2021\/12\/linguistancia-2.png\",\"contentUrl\":\"https:\/\/linguistancia.es\/wp-content\/uploads\/2021\/12\/linguistancia-2.png\",\"width\":565,\"height\":228,\"caption\":\"Linguistancia\"},\"image\":{\"@id\":\"https:\/\/linguistancia.es\/fr\/#\/schema\/logo\/image\/\"},\"sameAs\":[\"https:\/\/www.facebook.com\/Linguistancia-102064265738986\",\"https:\/\/www.instagram.com\/linguistancia\/\"]}]}<\/script>\n<!-- \/ Yoast SEO plugin. -->","yoast_head_json":{"title":"Politique de cookies | Linguistancia","robots":{"index":"index","follow":"follow","max-snippet":"max-snippet:-1","max-image-preview":"max-image-preview:large","max-video-preview":"max-video-preview:-1"},"canonical":"https:\/\/linguistancia.es\/fr\/politique-de-cookies","og_locale":"fr_FR","og_type":"article","og_title":"Politique de cookies | Linguistancia","og_description":"Politique de Cookies 1. Qu\u2019est-ce qu\u2019un cookie ? Un cookie est un petit fichier texte d\u00e9pos\u00e9 sur votre terminal (ordinateur, tablette, smartphone) lorsque vous consultez &hellip;","og_url":"https:\/\/linguistancia.es\/fr\/politique-de-cookies","og_site_name":"Linguistancia","article_publisher":"https:\/\/www.facebook.com\/Linguistancia-102064265738986","article_modified_time":"2025-12-12T11:56:28+00:00","og_image":[{"width":565,"height":228,"url":"https:\/\/linguistancia.es\/fr\/wp-content\/uploads\/2021\/12\/linguistancia-2.png","type":"image\/png"}],"twitter_card":"summary_large_image","twitter_misc":{"Dur\u00e9e de lecture estim\u00e9e":"3 minutes"},"schema":{"@context":"https:\/\/schema.org","@graph":[{"@type":"WebPage","@id":"https:\/\/linguistancia.es\/fr\/politique-de-cookies","url":"https:\/\/linguistancia.es\/fr\/politique-de-cookies","name":"Politique de cookies | Linguistancia","isPartOf":{"@id":"https:\/\/linguistancia.es\/fr\/#website"},"datePublished":"2025-12-12T11:38:17+00:00","dateModified":"2025-12-12T11:56:28+00:00","breadcrumb":{"@id":"https:\/\/linguistancia.es\/fr\/politique-de-cookies#breadcrumb"},"inLanguage":"fr-FR","potentialAction":[{"@type":"ReadAction","target":["https:\/\/linguistancia.es\/fr\/politique-de-cookies"]}]},{"@type":"BreadcrumbList","@id":"https:\/\/linguistancia.es\/fr\/politique-de-cookies#breadcrumb","itemListElement":[{"@type":"ListItem","position":1,"name":"Portada","item":"https:\/\/linguistancia.es\/fr\/"},{"@type":"ListItem","position":2,"name":"Politique de cookies"}]},{"@type":"WebSite","@id":"https:\/\/linguistancia.es\/fr\/#website","url":"https:\/\/linguistancia.es\/fr\/","name":"Linguistancia","description":"Aprender sin fronteras","publisher":{"@id":"https:\/\/linguistancia.es\/fr\/#organization"},"potentialAction":[{"@type":"SearchAction","target":{"@type":"EntryPoint","urlTemplate":"https:\/\/linguistancia.es\/fr\/?s={search_term_string}"},"query-input":{"@type":"PropertyValueSpecification","valueRequired":true,"valueName":"search_term_string"}}],"inLanguage":"fr-FR"},{"@type":"Organization","@id":"https:\/\/linguistancia.es\/fr\/#organization","name":"Linguistancia","url":"https:\/\/linguistancia.es\/fr\/","logo":{"@type":"ImageObject","inLanguage":"fr-FR","@id":"https:\/\/linguistancia.es\/fr\/#\/schema\/logo\/image\/","url":"https:\/\/linguistancia.es\/wp-content\/uploads\/2021\/12\/linguistancia-2.png","contentUrl":"https:\/\/linguistancia.es\/wp-content\/uploads\/2021\/12\/linguistancia-2.png","width":565,"height":228,"caption":"Linguistancia"},"image":{"@id":"https:\/\/linguistancia.es\/fr\/#\/schema\/logo\/image\/"},"sameAs":["https:\/\/www.facebook.com\/Linguistancia-102064265738986","https:\/\/www.instagram.com\/linguistancia\/"]}]}},"rttpg_featured_image_url":null,"rttpg_author":{"display_name":"valencia","author_link":"https:\/\/linguistancia.es\/fr\/author\/valencia"},"rttpg_comment":0,"rttpg_category":null,"rttpg_excerpt":"Politique de Cookies 1. Qu\u2019est-ce qu\u2019un cookie ? Un cookie est un petit fichier texte d\u00e9pos\u00e9 sur votre terminal (ordinateur, tablette, smartphone) lorsque vous consultez &hellip;","_links":{"self":[{"href":"https:\/\/linguistancia.es\/fr\/wp-json\/wp\/v2\/pages\/4416","targetHints":{"allow":["GET"]}}],"collection":[{"href":"https:\/\/linguistancia.es\/fr\/wp-json\/wp\/v2\/pages"}],"about":[{"href":"https:\/\/linguistancia.es\/fr\/wp-json\/wp\/v2\/types\/page"}],"author":[{"embeddable":true,"href":"https:\/\/linguistancia.es\/fr\/wp-json\/wp\/v2\/users\/1"}],"replies":[{"embeddable":true,"href":"https:\/\/linguistancia.es\/fr\/wp-json\/wp\/v2\/comments?post=4416"}],"version-history":[{"count":3,"href":"https:\/\/linguistancia.es\/fr\/wp-json\/wp\/v2\/pages\/4416\/revisions"}],"predecessor-version":[{"id":4438,"href":"https:\/\/linguistancia.es\/fr\/wp-json\/wp\/v2\/pages\/4416\/revisions\/4438"}],"wp:attachment":[{"href":"https:\/\/linguistancia.es\/fr\/wp-json\/wp\/v2\/media?parent=4416"}],"curies":[{"name":"wp","href":"https:\/\/api.w.org\/{rel}","templated":true}]}}