{"id":4420,"date":"2025-12-12T11:42:42","date_gmt":"2025-12-12T11:42:42","guid":{"rendered":"https:\/\/linguistancia.es\/fr\/?page_id=4420"},"modified":"2025-12-12T11:56:20","modified_gmt":"2025-12-12T11:56:20","slug":"politique-de-confidentialite","status":"publish","type":"page","link":"https:\/\/linguistancia.es\/fr\/politique-de-confidentialite","title":{"rendered":"Politique de confidentialit\u00e9"},"content":{"rendered":"<h2 data-start=\"238\" data-end=\"477\"><span style=\"color: #074987;\">Politique de Confidentialit\u00e9<\/span><\/h2>\n<p data-start=\"238\" data-end=\"477\">Le Responsable vous informe de sa Politique de Confidentialit\u00e9 concernant le traitement et la protection des donn\u00e9es personnelles des utilisateurs pouvant \u00eatre collect\u00e9es lors de la navigation sur le Site Web : <a class=\"decorated-link\" href=\"https:\/\/linguistancia.es\/fr\/\" target=\"_new\" rel=\"noopener\" data-start=\"449\" data-end=\"477\">https:\/\/linguistancia.es\/fr\/<\/a><\/p>\n<p data-start=\"479\" data-end=\"853\">\u00c0 cet \u00e9gard, le Responsable garantit le respect de la l\u00e9gislation en vigueur relative \u00e0 la protection des donn\u00e9es personnelles, notamment la Loi Organique 3\/2018 du 5 d\u00e9cembre relative \u00e0 la Protection des Donn\u00e9es Personnelles et \u00e0 la Garantie des Droits Num\u00e9riques (LOPD GDD), ainsi que le R\u00e8glement (UE) 2016\/679 du Parlement Europ\u00e9en et du Conseil du 27 avril 2016 (RGPD).<\/p>\n<p data-start=\"855\" data-end=\"1011\">L\u2019utilisation de ce Site Web implique l\u2019acceptation de la pr\u00e9sente Politique de Confidentialit\u00e9 ainsi que des conditions figurant dans les Mentions L\u00e9gales.<\/p>\n<hr data-start=\"1013\" data-end=\"1016\" \/>\n<h2 data-start=\"1018\" data-end=\"1048\"><strong data-start=\"1021\" data-end=\"1048\">Identit\u00e9 du Responsable<\/strong><\/h2>\n<p data-start=\"1050\" data-end=\"1245\"><strong data-start=\"1050\" data-end=\"1067\">Responsable :<\/strong> Marc Escalon<br data-start=\"1080\" data-end=\"1083\" \/><strong data-start=\"1083\" data-end=\"1092\">NIF :<\/strong> X2673836V<br data-start=\"1102\" data-end=\"1105\" \/><strong data-start=\"1105\" data-end=\"1118\">Adresse :<\/strong> Calle Palleter 57, pta 2, Valence \u2013 Espagne<br data-start=\"1162\" data-end=\"1165\" \/><strong data-start=\"1165\" data-end=\"1177\">E-mail :<\/strong> <a class=\"decorated-link cursor-pointer\" rel=\"noopener\" data-start=\"1178\" data-end=\"1199\">loloescalon@gmail.com<\/a><br data-start=\"1199\" data-end=\"1202\" \/><strong data-start=\"1202\" data-end=\"1216\">Site Web :<\/strong> <a class=\"decorated-link\" href=\"https:\/\/linguistancia.es\/fr\/\" target=\"_new\" rel=\"noopener\" data-start=\"1217\" data-end=\"1245\">https:\/\/linguistancia.es\/fr\/<\/a><\/p>\n<hr data-start=\"1247\" data-end=\"1250\" \/>\n<h2 data-start=\"1252\" data-end=\"1304\"><strong data-start=\"1255\" data-end=\"1304\">Principes appliqu\u00e9s au traitement des donn\u00e9es<\/strong><\/h2>\n<p data-start=\"1306\" data-end=\"1440\">Dans le traitement de vos donn\u00e9es personnelles, le Responsable appliquera les principes suivants, conform\u00e9ment aux exigences du RGPD :<\/p>\n<h3 data-start=\"1442\" data-end=\"1496\"><strong data-start=\"1446\" data-end=\"1494\">Principe de lic\u00e9it\u00e9, loyaut\u00e9 et transparence<\/strong><\/h3>\n<p data-start=\"1497\" data-end=\"1663\">Le Responsable demandera toujours votre consentement pour le traitement de vos donn\u00e9es personnelles, pour une ou plusieurs finalit\u00e9s clairement expliqu\u00e9es \u00e0 l\u2019avance.<\/p>\n<h3 data-start=\"1665\" data-end=\"1711\"><strong data-start=\"1669\" data-end=\"1709\">Principe de minimisation des donn\u00e9es<\/strong><\/h3>\n<p data-start=\"1712\" data-end=\"1797\">Seules les donn\u00e9es strictement n\u00e9cessaires aux finalit\u00e9s d\u00e9clar\u00e9es seront collect\u00e9es.<\/p>\n<h3 data-start=\"1799\" data-end=\"1850\"><strong data-start=\"1803\" data-end=\"1848\">Principe de limitation de la conservation<\/strong><\/h3>\n<p data-start=\"1851\" data-end=\"2136\">Les donn\u00e9es seront conserv\u00e9es uniquement pendant la dur\u00e9e n\u00e9cessaire aux finalit\u00e9s du traitement. Le Responsable informera l\u2019Utilisateur des d\u00e9lais de conservation sp\u00e9cifiques.<br data-start=\"2027\" data-end=\"2030\" \/>Pour les abonnements, les listes seront r\u00e9guli\u00e8rement revues afin d\u2019\u00e9liminer les enregistrements inactifs.<\/p>\n<h3 data-start=\"2138\" data-end=\"2190\"><strong data-start=\"2142\" data-end=\"2188\">Principe d\u2019int\u00e9grit\u00e9 et de confidentialit\u00e9<\/strong><\/h3>\n<p data-start=\"2191\" data-end=\"2403\">Les donn\u00e9es seront trait\u00e9es de mani\u00e8re \u00e0 garantir leur s\u00e9curit\u00e9 et leur confidentialit\u00e9.<br data-start=\"2279\" data-end=\"2282\" \/>Le Responsable adopte les mesures n\u00e9cessaires pour pr\u00e9venir tout acc\u00e8s non autoris\u00e9 ou utilisation abusive par des tiers.<\/p>\n<hr data-start=\"2405\" data-end=\"2408\" \/>\n<h2 data-start=\"2410\" data-end=\"2451\"><strong data-start=\"2413\" data-end=\"2451\">Obtention des donn\u00e9es personnelles<\/strong><\/h2>\n<p data-start=\"2453\" data-end=\"2538\">La navigation sur le Site Web ne n\u00e9cessite pas la fourniture de donn\u00e9es personnelles.<\/p>\n<hr data-start=\"2540\" data-end=\"2543\" \/>\n<h2 data-start=\"2545\" data-end=\"2558\"><strong data-start=\"2548\" data-end=\"2558\">Droits<\/strong><\/h2>\n<p data-start=\"2560\" data-end=\"2631\">Vous disposez des droits suivants concernant vos donn\u00e9es personnelles :<\/p>\n<ul data-start=\"2633\" data-end=\"2758\">\n<li data-start=\"2633\" data-end=\"2650\">\n<p data-start=\"2635\" data-end=\"2650\">Droit d\u2019acc\u00e8s<\/p>\n<\/li>\n<li data-start=\"2651\" data-end=\"2695\">\n<p data-start=\"2653\" data-end=\"2695\">Droit de rectification ou de suppression<\/p>\n<\/li>\n<li data-start=\"2696\" data-end=\"2735\">\n<p data-start=\"2698\" data-end=\"2735\">Droit \u00e0 la limitation du traitement<\/p>\n<\/li>\n<li data-start=\"2736\" data-end=\"2758\">\n<p data-start=\"2738\" data-end=\"2758\">Droit d\u2019opposition<\/p>\n<\/li>\n<\/ul>\n<p data-start=\"2760\" data-end=\"2816\">Le droit \u00e0 la portabilit\u00e9 des donn\u00e9es ne s\u2019applique pas.<\/p>\n<p data-start=\"2818\" data-end=\"3092\">L\u2019exercice de ces droits est strictement personnel. Toute demande doit \u00eatre effectu\u00e9e directement par l\u2019int\u00e9ress\u00e9 aupr\u00e8s du Responsable.<br data-start=\"2954\" data-end=\"2957\" \/>Pour exercer vos droits, vous devez envoyer une demande accompagn\u00e9e d\u2019une copie de votre pi\u00e8ce d\u2019identit\u00e9 \u00e0 : <strong data-start=\"3067\" data-end=\"3092\"><a class=\"decorated-link cursor-pointer\" rel=\"noopener\" data-start=\"3069\" data-end=\"3090\">loloescalon@gmail.com<\/a><\/strong><\/p>\n<p data-start=\"3094\" data-end=\"3259\">Vous avez \u00e9galement le droit de saisir l\u2019autorit\u00e9 de contr\u00f4le, en France la <strong data-start=\"3170\" data-end=\"3178\">CNIL<\/strong>, si vous estimez que le traitement de vos donn\u00e9es personnelles enfreint le RGPD.<\/p>\n<hr data-start=\"3261\" data-end=\"3264\" \/>\n<h2 data-start=\"3266\" data-end=\"3307\"><strong data-start=\"3269\" data-end=\"3307\">Finalit\u00e9 du traitement des donn\u00e9es<\/strong><\/h2>\n<p data-start=\"3309\" data-end=\"3522\">Lorsque vous contactez le Responsable via le Site Web, envoyez un e-mail ou vous abonnez \u00e0 une newsletter, vous fournissez des donn\u00e9es personnelles telles que votre adresse IP, nom, adresse e-mail, t\u00e9l\u00e9phone, etc.<\/p>\n<p data-start=\"3524\" data-end=\"3679\">En fournissant ces informations, vous autorisez leur collecte, utilisation et stockage par \u2014 <a class=\"decorated-link\" href=\"https:\/\/www.ionos.es\" target=\"_new\" rel=\"noopener\" data-start=\"3617\" data-end=\"3637\">https:\/\/www.ionos.es<\/a> \u2014 conform\u00e9ment \u00e0 ce qui est d\u00e9crit dans :<\/p>\n<ul data-start=\"3681\" data-end=\"3740\">\n<li data-start=\"3681\" data-end=\"3705\">\n<p data-start=\"3683\" data-end=\"3705\"><strong data-start=\"3683\" data-end=\"3703\">Mentions L\u00e9gales<\/strong><\/p>\n<\/li>\n<li data-start=\"3706\" data-end=\"3740\">\n<p data-start=\"3708\" data-end=\"3740\"><strong data-start=\"3708\" data-end=\"3740\">Politique de Confidentialit\u00e9<\/strong><\/p>\n<\/li>\n<\/ul>\n<p data-start=\"3742\" data-end=\"3783\">Le Responsable utilise les donn\u00e9es pour :<\/p>\n<ul data-start=\"3785\" data-end=\"4076\">\n<li data-start=\"3785\" data-end=\"3863\">\n<p data-start=\"3787\" data-end=\"3863\">Garantir le respect des conditions d\u2019utilisation et des obligations l\u00e9gales.<\/p>\n<\/li>\n<li data-start=\"3864\" data-end=\"3913\">\n<p data-start=\"3866\" data-end=\"3913\">Am\u00e9liorer les services offerts par le Site Web.<\/p>\n<\/li>\n<li data-start=\"3914\" data-end=\"3985\">\n<p data-start=\"3916\" data-end=\"3985\">Analyser la navigation gr\u00e2ce aux cookies (voir Politique de Cookies).<\/p>\n<\/li>\n<li data-start=\"3986\" data-end=\"4076\">\n<p data-start=\"3988\" data-end=\"4076\">G\u00e9rer sa pr\u00e9sence sur les r\u00e9seaux sociaux et informer les utilisateurs de ses activit\u00e9s.<\/p>\n<\/li>\n<\/ul>\n<p data-start=\"4078\" data-end=\"4191\">En aucun cas le Responsable n\u2019utilisera les r\u00e9seaux sociaux pour envoyer de la publicit\u00e9 de mani\u00e8re individuelle.<\/p>\n<hr data-start=\"4193\" data-end=\"4196\" \/>\n<h2 data-start=\"4198\" data-end=\"4238\"><strong data-start=\"4201\" data-end=\"4238\">S\u00e9curit\u00e9 des donn\u00e9es personnelles<\/strong><\/h2>\n<p data-start=\"4240\" data-end=\"4391\">Le Responsable prend toutes les mesures raisonnables pour garantir la s\u00e9curit\u00e9 de vos donn\u00e9es et \u00e9viter leur perte, usage abusif ou acc\u00e8s non autoris\u00e9.<\/p>\n<p data-start=\"4393\" data-end=\"4586\">Le Site Web est h\u00e9berg\u00e9 par <strong data-start=\"4421\" data-end=\"4430\">IONOS<\/strong> (<a class=\"decorated-link\" href=\"https:\/\/www.ionos.es\" target=\"_new\" rel=\"noopener\" data-start=\"4432\" data-end=\"4452\">https:\/\/www.ionos.es<\/a>), qui applique des mesures de s\u00e9curit\u00e9 appropri\u00e9es. Vous pouvez consulter leur politique de confidentialit\u00e9 pour plus d\u2019informations.<\/p>\n<hr data-start=\"4588\" data-end=\"4591\" \/>\n<h2 data-start=\"4593\" data-end=\"4634\"><strong data-start=\"4596\" data-end=\"4634\">Contenu int\u00e9gr\u00e9 d\u2019autres sites Web<\/strong><\/h2>\n<p data-start=\"4636\" data-end=\"4857\">Certaines pages peuvent inclure du contenu int\u00e9gr\u00e9 (vid\u00e9os, images, articles, etc.) provenant d\u2019autres sites, qui peuvent collecter des donn\u00e9es personnelles ou utiliser des cookies comme si vous visitiez leur propre site.<\/p>\n<hr data-start=\"4859\" data-end=\"4862\" \/>\n<h2 data-start=\"4864\" data-end=\"4891\"><strong data-start=\"4867\" data-end=\"4891\">Politique de Cookies<\/strong><\/h2>\n<p data-start=\"4893\" data-end=\"5055\">Ce Site Web utilise des cookies n\u00e9cessaires \u00e0 son fonctionnement.<br data-start=\"4958\" data-end=\"4961\" \/>Vous pouvez consulter la Politique de Cookies pour obtenir toutes les informations d\u00e9taill\u00e9es.<\/p>\n<hr data-start=\"5057\" data-end=\"5060\" \/>\n<h2 data-start=\"5062\" data-end=\"5094\"><strong data-start=\"5065\" data-end=\"5094\">Base l\u00e9gale du traitement<\/strong><\/h2>\n<p data-start=\"5096\" data-end=\"5167\">La base juridique du traitement de vos donn\u00e9es est <strong data-start=\"5147\" data-end=\"5166\">le consentement<\/strong>.<\/p>\n<hr data-start=\"5169\" data-end=\"5172\" \/>\n<h2 data-start=\"5174\" data-end=\"5213\"><strong data-start=\"5177\" data-end=\"5213\">Cat\u00e9gories de donn\u00e9es collect\u00e9es<\/strong><\/h2>\n<ul data-start=\"5215\" data-end=\"5281\">\n<li data-start=\"5215\" data-end=\"5281\">\n<p data-start=\"5217\" data-end=\"5281\">Donn\u00e9es d\u2019identification<br data-start=\"5241\" data-end=\"5244\" \/>Aucune donn\u00e9e sensible n\u2019est trait\u00e9e.<\/p>\n<\/li>\n<\/ul>\n<hr data-start=\"5283\" data-end=\"5286\" \/>\n<h2 data-start=\"5288\" data-end=\"5316\"><strong data-start=\"5291\" data-end=\"5316\">Dur\u00e9e de conservation<\/strong><\/h2>\n<p data-start=\"5318\" data-end=\"5395\">Les donn\u00e9es seront conserv\u00e9es jusqu\u2019\u00e0 ce que vous demandiez leur suppression.<\/p>\n<hr data-start=\"5397\" data-end=\"5400\" \/>\n<h2 data-start=\"5402\" data-end=\"5434\"><strong data-start=\"5405\" data-end=\"5434\">Destinataires des donn\u00e9es<\/strong><\/h2>\n<h3 data-start=\"5436\" data-end=\"5462\"><strong data-start=\"5440\" data-end=\"5460\">Google Analytics<\/strong><\/h3>\n<p data-start=\"5463\" data-end=\"5566\">Service d\u2019analyse fourni par Google Inc. utilisant des cookies pour analyser l\u2019utilisation du Site Web.<\/p>\n<p data-start=\"5568\" data-end=\"5697\">Plus d\u2019informations : <a class=\"decorated-link\" href=\"https:\/\/analytics.google.com\" target=\"_new\" rel=\"noopener\" data-start=\"5590\" data-end=\"5618\">https:\/\/analytics.google.com<\/a><br data-start=\"5618\" data-end=\"5621\" \/>Politique de confidentialit\u00e9 de Google : <a class=\"decorated-link\" href=\"https:\/\/policies.google.com\/privacy\" target=\"_new\" rel=\"noopener\" data-start=\"5662\" data-end=\"5697\">https:\/\/policies.google.com\/privacy<\/a><\/p>\n<hr data-start=\"5699\" data-end=\"5702\" \/>\n<h2 data-start=\"5704\" data-end=\"5737\"><strong data-start=\"5707\" data-end=\"5737\">Navigation sur le Site Web<\/strong><\/h2>\n<p data-start=\"5739\" data-end=\"5887\">Lors de la navigation, des donn\u00e9es non identifiantes peuvent \u00eatre collect\u00e9es : adresse IP, localisation approximative, habitudes de navigation, etc.<\/p>\n<p data-start=\"5889\" data-end=\"5922\">Ces donn\u00e9es sont utilis\u00e9es pour :<\/p>\n<ul data-start=\"5924\" data-end=\"6034\">\n<li data-start=\"5924\" data-end=\"5950\">\n<p data-start=\"5926\" data-end=\"5950\">obtenir des statistiques<\/p>\n<\/li>\n<li data-start=\"5951\" data-end=\"5975\">\n<p data-start=\"5953\" data-end=\"5975\">analyser les tendances<\/p>\n<\/li>\n<li data-start=\"5976\" data-end=\"5997\">\n<p data-start=\"5978\" data-end=\"5997\">administrer le site<\/p>\n<\/li>\n<li data-start=\"5998\" data-end=\"6034\">\n<p data-start=\"6000\" data-end=\"6034\">am\u00e9liorer l&rsquo;exp\u00e9rience utilisateur<\/p>\n<\/li>\n<\/ul>\n<p data-start=\"6036\" data-end=\"6137\">Le Responsable n\u2019est pas responsable des traitements effectu\u00e9s par les sites Web li\u00e9s depuis ce Site.<\/p>\n<hr data-start=\"6139\" data-end=\"6142\" \/>\n<h2 data-start=\"6144\" data-end=\"6185\"><strong data-start=\"6147\" data-end=\"6185\">Exactitude et v\u00e9racit\u00e9 des donn\u00e9es<\/strong><\/h2>\n<p data-start=\"6187\" data-end=\"6359\">Vous \u00eates responsable de la v\u00e9racit\u00e9 et de la mise \u00e0 jour des donn\u00e9es fournies.<br data-start=\"6266\" data-end=\"6269\" \/>Le Responsable d\u00e9cline toute responsabilit\u00e9 en cas d\u2019inexactitude ou de donn\u00e9es obsol\u00e8tes.<\/p>\n<hr data-start=\"6361\" data-end=\"6364\" \/>\n<h2 data-start=\"6366\" data-end=\"6400\"><strong data-start=\"6369\" data-end=\"6400\">Acceptation et consentement<\/strong><\/h2>\n<p data-start=\"6402\" data-end=\"6564\">En utilisant ce Site Web, vous reconnaissez avoir \u00e9t\u00e9 inform\u00e9 des conditions de protection des donn\u00e9es et acceptez leur traitement conform\u00e9ment \u00e0 cette Politique.<\/p>\n<hr data-start=\"6566\" data-end=\"6569\" \/>\n<h2 data-start=\"6571\" data-end=\"6591\"><strong data-start=\"6574\" data-end=\"6591\">Modifications<\/strong><\/h2>\n<p data-start=\"6593\" data-end=\"6809\">Le Responsable se r\u00e9serve le droit de modifier la pr\u00e9sente Politique pour l\u2019adapter aux \u00e9volutions l\u00e9gislatives ou aux pratiques du secteur.<br data-start=\"6733\" data-end=\"6736\" \/>Elle restera en vigueur jusqu\u2019\u00e0 sa mise \u00e0 jour et publication officielle.<\/p>\n","protected":false},"excerpt":{"rendered":"<p>Politique de Confidentialit\u00e9 Le Responsable vous informe de sa Politique de Confidentialit\u00e9 concernant le traitement et la protection des donn\u00e9es personnelles des utilisateurs pouvant \u00eatre &hellip; <\/p>\n","protected":false},"author":1,"featured_media":0,"parent":0,"menu_order":0,"comment_status":"closed","ping_status":"closed","template":"page-espaciado.php","meta":{"footnotes":""},"class_list":["post-4420","page","type-page","status-publish","hentry","latest_post"],"yoast_head":"<!-- This site is optimized with the Yoast SEO plugin v26.4 - https:\/\/yoast.com\/wordpress\/plugins\/seo\/ -->\n<title>Politique de confidentialit\u00e9 | Linguistancia<\/title>\n<meta name=\"robots\" content=\"index, follow, max-snippet:-1, max-image-preview:large, max-video-preview:-1\" \/>\n<link rel=\"canonical\" href=\"https:\/\/linguistancia.es\/fr\/politique-de-confidentialite\" \/>\n<meta property=\"og:locale\" content=\"fr_FR\" \/>\n<meta property=\"og:type\" content=\"article\" \/>\n<meta property=\"og:title\" content=\"Politique de confidentialit\u00e9 | Linguistancia\" \/>\n<meta property=\"og:description\" content=\"Politique de Confidentialit\u00e9 Le Responsable vous informe de sa Politique de Confidentialit\u00e9 concernant le traitement et la protection des donn\u00e9es personnelles des utilisateurs pouvant \u00eatre &hellip;\" \/>\n<meta property=\"og:url\" content=\"https:\/\/linguistancia.es\/fr\/politique-de-confidentialite\" \/>\n<meta property=\"og:site_name\" content=\"Linguistancia\" \/>\n<meta property=\"article:publisher\" content=\"https:\/\/www.facebook.com\/Linguistancia-102064265738986\" \/>\n<meta property=\"article:modified_time\" content=\"2025-12-12T11:56:20+00:00\" \/>\n<meta property=\"og:image\" content=\"https:\/\/linguistancia.es\/fr\/wp-content\/uploads\/2021\/12\/linguistancia-2.png\" \/>\n\t<meta property=\"og:image:width\" content=\"565\" \/>\n\t<meta property=\"og:image:height\" content=\"228\" \/>\n\t<meta property=\"og:image:type\" content=\"image\/png\" \/>\n<meta name=\"twitter:card\" content=\"summary_large_image\" \/>\n<meta name=\"twitter:label1\" content=\"Dur\u00e9e de lecture estim\u00e9e\" \/>\n\t<meta name=\"twitter:data1\" content=\"5 minutes\" \/>\n<script type=\"application\/ld+json\" class=\"yoast-schema-graph\">{\"@context\":\"https:\/\/schema.org\",\"@graph\":[{\"@type\":\"WebPage\",\"@id\":\"https:\/\/linguistancia.es\/fr\/politique-de-confidentialite\",\"url\":\"https:\/\/linguistancia.es\/fr\/politique-de-confidentialite\",\"name\":\"Politique de confidentialit\u00e9 | Linguistancia\",\"isPartOf\":{\"@id\":\"https:\/\/linguistancia.es\/fr\/#website\"},\"datePublished\":\"2025-12-12T11:42:42+00:00\",\"dateModified\":\"2025-12-12T11:56:20+00:00\",\"breadcrumb\":{\"@id\":\"https:\/\/linguistancia.es\/fr\/politique-de-confidentialite#breadcrumb\"},\"inLanguage\":\"fr-FR\",\"potentialAction\":[{\"@type\":\"ReadAction\",\"target\":[\"https:\/\/linguistancia.es\/fr\/politique-de-confidentialite\"]}]},{\"@type\":\"BreadcrumbList\",\"@id\":\"https:\/\/linguistancia.es\/fr\/politique-de-confidentialite#breadcrumb\",\"itemListElement\":[{\"@type\":\"ListItem\",\"position\":1,\"name\":\"Portada\",\"item\":\"https:\/\/linguistancia.es\/fr\/\"},{\"@type\":\"ListItem\",\"position\":2,\"name\":\"Politique de confidentialit\u00e9\"}]},{\"@type\":\"WebSite\",\"@id\":\"https:\/\/linguistancia.es\/fr\/#website\",\"url\":\"https:\/\/linguistancia.es\/fr\/\",\"name\":\"Linguistancia\",\"description\":\"Aprender sin fronteras\",\"publisher\":{\"@id\":\"https:\/\/linguistancia.es\/fr\/#organization\"},\"potentialAction\":[{\"@type\":\"SearchAction\",\"target\":{\"@type\":\"EntryPoint\",\"urlTemplate\":\"https:\/\/linguistancia.es\/fr\/?s={search_term_string}\"},\"query-input\":{\"@type\":\"PropertyValueSpecification\",\"valueRequired\":true,\"valueName\":\"search_term_string\"}}],\"inLanguage\":\"fr-FR\"},{\"@type\":\"Organization\",\"@id\":\"https:\/\/linguistancia.es\/fr\/#organization\",\"name\":\"Linguistancia\",\"url\":\"https:\/\/linguistancia.es\/fr\/\",\"logo\":{\"@type\":\"ImageObject\",\"inLanguage\":\"fr-FR\",\"@id\":\"https:\/\/linguistancia.es\/fr\/#\/schema\/logo\/image\/\",\"url\":\"https:\/\/linguistancia.es\/wp-content\/uploads\/2021\/12\/linguistancia-2.png\",\"contentUrl\":\"https:\/\/linguistancia.es\/wp-content\/uploads\/2021\/12\/linguistancia-2.png\",\"width\":565,\"height\":228,\"caption\":\"Linguistancia\"},\"image\":{\"@id\":\"https:\/\/linguistancia.es\/fr\/#\/schema\/logo\/image\/\"},\"sameAs\":[\"https:\/\/www.facebook.com\/Linguistancia-102064265738986\",\"https:\/\/www.instagram.com\/linguistancia\/\"]}]}<\/script>\n<!-- \/ Yoast SEO plugin. -->","yoast_head_json":{"title":"Politique de confidentialit\u00e9 | Linguistancia","robots":{"index":"index","follow":"follow","max-snippet":"max-snippet:-1","max-image-preview":"max-image-preview:large","max-video-preview":"max-video-preview:-1"},"canonical":"https:\/\/linguistancia.es\/fr\/politique-de-confidentialite","og_locale":"fr_FR","og_type":"article","og_title":"Politique de confidentialit\u00e9 | Linguistancia","og_description":"Politique de Confidentialit\u00e9 Le Responsable vous informe de sa Politique de Confidentialit\u00e9 concernant le traitement et la protection des donn\u00e9es personnelles des utilisateurs pouvant \u00eatre &hellip;","og_url":"https:\/\/linguistancia.es\/fr\/politique-de-confidentialite","og_site_name":"Linguistancia","article_publisher":"https:\/\/www.facebook.com\/Linguistancia-102064265738986","article_modified_time":"2025-12-12T11:56:20+00:00","og_image":[{"width":565,"height":228,"url":"https:\/\/linguistancia.es\/fr\/wp-content\/uploads\/2021\/12\/linguistancia-2.png","type":"image\/png"}],"twitter_card":"summary_large_image","twitter_misc":{"Dur\u00e9e de lecture estim\u00e9e":"5 minutes"},"schema":{"@context":"https:\/\/schema.org","@graph":[{"@type":"WebPage","@id":"https:\/\/linguistancia.es\/fr\/politique-de-confidentialite","url":"https:\/\/linguistancia.es\/fr\/politique-de-confidentialite","name":"Politique de confidentialit\u00e9 | Linguistancia","isPartOf":{"@id":"https:\/\/linguistancia.es\/fr\/#website"},"datePublished":"2025-12-12T11:42:42+00:00","dateModified":"2025-12-12T11:56:20+00:00","breadcrumb":{"@id":"https:\/\/linguistancia.es\/fr\/politique-de-confidentialite#breadcrumb"},"inLanguage":"fr-FR","potentialAction":[{"@type":"ReadAction","target":["https:\/\/linguistancia.es\/fr\/politique-de-confidentialite"]}]},{"@type":"BreadcrumbList","@id":"https:\/\/linguistancia.es\/fr\/politique-de-confidentialite#breadcrumb","itemListElement":[{"@type":"ListItem","position":1,"name":"Portada","item":"https:\/\/linguistancia.es\/fr\/"},{"@type":"ListItem","position":2,"name":"Politique de confidentialit\u00e9"}]},{"@type":"WebSite","@id":"https:\/\/linguistancia.es\/fr\/#website","url":"https:\/\/linguistancia.es\/fr\/","name":"Linguistancia","description":"Aprender sin fronteras","publisher":{"@id":"https:\/\/linguistancia.es\/fr\/#organization"},"potentialAction":[{"@type":"SearchAction","target":{"@type":"EntryPoint","urlTemplate":"https:\/\/linguistancia.es\/fr\/?s={search_term_string}"},"query-input":{"@type":"PropertyValueSpecification","valueRequired":true,"valueName":"search_term_string"}}],"inLanguage":"fr-FR"},{"@type":"Organization","@id":"https:\/\/linguistancia.es\/fr\/#organization","name":"Linguistancia","url":"https:\/\/linguistancia.es\/fr\/","logo":{"@type":"ImageObject","inLanguage":"fr-FR","@id":"https:\/\/linguistancia.es\/fr\/#\/schema\/logo\/image\/","url":"https:\/\/linguistancia.es\/wp-content\/uploads\/2021\/12\/linguistancia-2.png","contentUrl":"https:\/\/linguistancia.es\/wp-content\/uploads\/2021\/12\/linguistancia-2.png","width":565,"height":228,"caption":"Linguistancia"},"image":{"@id":"https:\/\/linguistancia.es\/fr\/#\/schema\/logo\/image\/"},"sameAs":["https:\/\/www.facebook.com\/Linguistancia-102064265738986","https:\/\/www.instagram.com\/linguistancia\/"]}]}},"rttpg_featured_image_url":null,"rttpg_author":{"display_name":"valencia","author_link":"https:\/\/linguistancia.es\/fr\/author\/valencia"},"rttpg_comment":0,"rttpg_category":null,"rttpg_excerpt":"Politique de Confidentialit\u00e9 Le Responsable vous informe de sa Politique de Confidentialit\u00e9 concernant le traitement et la protection des donn\u00e9es personnelles des utilisateurs pouvant \u00eatre &hellip;","_links":{"self":[{"href":"https:\/\/linguistancia.es\/fr\/wp-json\/wp\/v2\/pages\/4420","targetHints":{"allow":["GET"]}}],"collection":[{"href":"https:\/\/linguistancia.es\/fr\/wp-json\/wp\/v2\/pages"}],"about":[{"href":"https:\/\/linguistancia.es\/fr\/wp-json\/wp\/v2\/types\/page"}],"author":[{"embeddable":true,"href":"https:\/\/linguistancia.es\/fr\/wp-json\/wp\/v2\/users\/1"}],"replies":[{"embeddable":true,"href":"https:\/\/linguistancia.es\/fr\/wp-json\/wp\/v2\/comments?post=4420"}],"version-history":[{"count":3,"href":"https:\/\/linguistancia.es\/fr\/wp-json\/wp\/v2\/pages\/4420\/revisions"}],"predecessor-version":[{"id":4437,"href":"https:\/\/linguistancia.es\/fr\/wp-json\/wp\/v2\/pages\/4420\/revisions\/4437"}],"wp:attachment":[{"href":"https:\/\/linguistancia.es\/fr\/wp-json\/wp\/v2\/media?parent=4420"}],"curies":[{"name":"wp","href":"https:\/\/api.w.org\/{rel}","templated":true}]}}