{"id":4421,"date":"2025-12-12T11:42:42","date_gmt":"2025-12-12T11:42:42","guid":{"rendered":"https:\/\/linguistancia.es\/fr\/?page_id=4421"},"modified":"2025-12-12T11:56:10","modified_gmt":"2025-12-12T11:56:10","slug":"personnalisation-cookies","status":"publish","type":"page","link":"https:\/\/linguistancia.es\/fr\/personnalisation-cookies","title":{"rendered":"Personnalisation des cookies"},"content":{"rendered":"<div class=\"cli_pg_page_container\">\n<h2 data-start=\"241\" data-end=\"270\"><span style=\"color: #074987;\"><strong data-start=\"243\" data-end=\"270\">Pr\u00e9f\u00e9rences des cookies<\/strong><\/span><\/h2>\n<p data-start=\"272\" data-end=\"582\">Le site web <a class=\"decorated-link\" href=\"https:\/\/linguistancia.es\/fr\/\" target=\"_new\" rel=\"noopener\" data-start=\"284\" data-end=\"344\">https:\/\/linguistancia.es\/fr\/<\/a> utilise des cookies <strong data-start=\"365\" data-end=\"376\">propres<\/strong> et de <strong data-start=\"383\" data-end=\"392\">tiers<\/strong> pour son bon fonctionnement et \u00e0 des fins d\u2019analyse.<br data-start=\"445\" data-end=\"448\" \/>En cliquant sur le bouton <strong data-start=\"474\" data-end=\"486\">Accepter<\/strong>, vous consentez \u00e0 l\u2019utilisation de ces technologies et au traitement de vos donn\u00e9es \u00e0 ces fins.<\/p>\n<p data-start=\"584\" data-end=\"833\">Vous pouvez modifier vos pr\u00e9f\u00e9rences \u00e0 tout moment en revenant sur la page <strong data-start=\"659\" data-end=\"688\">Personnaliser les cookies<\/strong>, accessible depuis la <strong data-start=\"711\" data-end=\"734\">banni\u00e8re de cookies<\/strong>.<br data-start=\"735\" data-end=\"738\" \/>Pour en savoir plus sur les cookies et leur utilisation, consultez la <strong data-start=\"808\" data-end=\"832\">Politique de Cookies<\/strong>.<\/p>\n<p data-start=\"584\" data-end=\"833\"><div class=\"cli_user_consent_state\">Votre \u00e9tat actuel\u00a0: Aucun consentement donn\u00e9. <a class=\"cli_manage_current_consent\" style=\"cursor:pointer;text-decoration:underline;\">G\u00e9rez votre consentement.<\/a> <\/div><\/p>\n<hr data-start=\"835\" data-end=\"838\" \/>\n<h2 data-start=\"840\" data-end=\"863\"><strong data-start=\"843\" data-end=\"863\">Types de cookies<\/strong><\/h2>\n<h3 data-start=\"865\" data-end=\"910\"><strong data-start=\"869\" data-end=\"908\">Cookies techniques (indispensables)<\/strong><\/h3>\n<p data-start=\"911\" data-end=\"1089\">Ces cookies permettent aux utilisateurs enregistr\u00e9s de naviguer sur le site, d\u2019acc\u00e9der aux zones s\u00e9curis\u00e9es et d\u2019utiliser les diff\u00e9rentes fonctionnalit\u00e9s du site, par exemple :<\/p>\n<ul data-start=\"1090\" data-end=\"1183\">\n<li data-start=\"1090\" data-end=\"1120\">\n<p data-start=\"1092\" data-end=\"1120\">le syst\u00e8me de commentaires<\/p>\n<\/li>\n<li data-start=\"1121\" data-end=\"1183\">\n<p data-start=\"1123\" data-end=\"1183\">le moteur de recherche<br data-start=\"1145\" data-end=\"1148\" \/>Ils ne peuvent pas \u00eatre d\u00e9sactiv\u00e9s.<\/p>\n<\/li>\n<\/ul>\n<hr data-start=\"1185\" data-end=\"1188\" \/>\n<h3 data-start=\"1190\" data-end=\"1230\"><strong data-start=\"1194\" data-end=\"1228\">Cookies d\u2019analyse ou de mesure<\/strong><\/h3>\n<p data-start=\"1231\" data-end=\"1517\">Ces cookies, g\u00e9r\u00e9s soit par le site web, soit par des tiers, permettent de quantifier le nombre d\u2019utilisateurs et de r\u00e9aliser des statistiques sur l\u2019utilisation du site.<br data-start=\"1429\" data-end=\"1432\" \/>Ils analysent votre navigation sur ce site afin d\u2019am\u00e9liorer l\u2019exp\u00e9rience utilisateur.<\/p>\n<hr data-start=\"1519\" data-end=\"1522\" \/>\n<h3 data-start=\"1524\" data-end=\"1549\"><strong data-start=\"1528\" data-end=\"1547\">Cookies sociaux<\/strong><\/h3>\n<p data-start=\"1550\" data-end=\"1731\">Ces cookies sont d\u00e9pos\u00e9s par les plateformes de r\u00e9seaux sociaux pour permettre aux utilisateurs de partager du contenu avec leurs amis et leurs r\u00e9seaux.<\/p>\n<\/div>\n","protected":false},"excerpt":{"rendered":"<p>Pr\u00e9f\u00e9rences des cookies Le site web https:\/\/linguistancia.es\/fr\/ utilise des cookies propres et de tiers pour son bon fonctionnement et \u00e0 des fins d\u2019analyse.En cliquant sur &hellip; <\/p>\n","protected":false},"author":1,"featured_media":0,"parent":0,"menu_order":0,"comment_status":"closed","ping_status":"closed","template":"page-espaciado.php","meta":{"footnotes":""},"class_list":["post-4421","page","type-page","status-publish","hentry","latest_post"],"yoast_head":"<!-- This site is optimized with the Yoast SEO plugin v26.4 - https:\/\/yoast.com\/wordpress\/plugins\/seo\/ -->\n<title>Personnalisation des cookies | Linguistancia<\/title>\n<meta name=\"robots\" content=\"index, follow, max-snippet:-1, max-image-preview:large, max-video-preview:-1\" \/>\n<link rel=\"canonical\" href=\"https:\/\/linguistancia.es\/fr\/personnalisation-cookies\" \/>\n<meta property=\"og:locale\" content=\"fr_FR\" \/>\n<meta property=\"og:type\" content=\"article\" \/>\n<meta property=\"og:title\" content=\"Personnalisation des cookies | Linguistancia\" \/>\n<meta property=\"og:description\" content=\"Pr\u00e9f\u00e9rences des cookies Le site web https:\/\/linguistancia.es\/fr\/ utilise des cookies propres et de tiers pour son bon fonctionnement et \u00e0 des fins d\u2019analyse.En cliquant sur &hellip;\" \/>\n<meta property=\"og:url\" content=\"https:\/\/linguistancia.es\/fr\/personnalisation-cookies\" \/>\n<meta property=\"og:site_name\" content=\"Linguistancia\" \/>\n<meta property=\"article:publisher\" content=\"https:\/\/www.facebook.com\/Linguistancia-102064265738986\" \/>\n<meta property=\"article:modified_time\" content=\"2025-12-12T11:56:10+00:00\" \/>\n<meta property=\"og:image\" content=\"https:\/\/linguistancia.es\/fr\/wp-content\/uploads\/2021\/12\/linguistancia-2.png\" \/>\n\t<meta property=\"og:image:width\" content=\"565\" \/>\n\t<meta property=\"og:image:height\" content=\"228\" \/>\n\t<meta property=\"og:image:type\" content=\"image\/png\" \/>\n<meta name=\"twitter:card\" content=\"summary_large_image\" \/>\n<meta name=\"twitter:label1\" content=\"Dur\u00e9e de lecture estim\u00e9e\" \/>\n\t<meta name=\"twitter:data1\" content=\"2 minutes\" \/>\n<script type=\"application\/ld+json\" class=\"yoast-schema-graph\">{\"@context\":\"https:\/\/schema.org\",\"@graph\":[{\"@type\":\"WebPage\",\"@id\":\"https:\/\/linguistancia.es\/fr\/personnalisation-cookies\",\"url\":\"https:\/\/linguistancia.es\/fr\/personnalisation-cookies\",\"name\":\"Personnalisation des cookies | Linguistancia\",\"isPartOf\":{\"@id\":\"https:\/\/linguistancia.es\/fr\/#website\"},\"datePublished\":\"2025-12-12T11:42:42+00:00\",\"dateModified\":\"2025-12-12T11:56:10+00:00\",\"breadcrumb\":{\"@id\":\"https:\/\/linguistancia.es\/fr\/personnalisation-cookies#breadcrumb\"},\"inLanguage\":\"fr-FR\",\"potentialAction\":[{\"@type\":\"ReadAction\",\"target\":[\"https:\/\/linguistancia.es\/fr\/personnalisation-cookies\"]}]},{\"@type\":\"BreadcrumbList\",\"@id\":\"https:\/\/linguistancia.es\/fr\/personnalisation-cookies#breadcrumb\",\"itemListElement\":[{\"@type\":\"ListItem\",\"position\":1,\"name\":\"Portada\",\"item\":\"https:\/\/linguistancia.es\/fr\/\"},{\"@type\":\"ListItem\",\"position\":2,\"name\":\"Personnalisation des cookies\"}]},{\"@type\":\"WebSite\",\"@id\":\"https:\/\/linguistancia.es\/fr\/#website\",\"url\":\"https:\/\/linguistancia.es\/fr\/\",\"name\":\"Linguistancia\",\"description\":\"Aprender sin fronteras\",\"publisher\":{\"@id\":\"https:\/\/linguistancia.es\/fr\/#organization\"},\"potentialAction\":[{\"@type\":\"SearchAction\",\"target\":{\"@type\":\"EntryPoint\",\"urlTemplate\":\"https:\/\/linguistancia.es\/fr\/?s={search_term_string}\"},\"query-input\":{\"@type\":\"PropertyValueSpecification\",\"valueRequired\":true,\"valueName\":\"search_term_string\"}}],\"inLanguage\":\"fr-FR\"},{\"@type\":\"Organization\",\"@id\":\"https:\/\/linguistancia.es\/fr\/#organization\",\"name\":\"Linguistancia\",\"url\":\"https:\/\/linguistancia.es\/fr\/\",\"logo\":{\"@type\":\"ImageObject\",\"inLanguage\":\"fr-FR\",\"@id\":\"https:\/\/linguistancia.es\/fr\/#\/schema\/logo\/image\/\",\"url\":\"https:\/\/linguistancia.es\/wp-content\/uploads\/2021\/12\/linguistancia-2.png\",\"contentUrl\":\"https:\/\/linguistancia.es\/wp-content\/uploads\/2021\/12\/linguistancia-2.png\",\"width\":565,\"height\":228,\"caption\":\"Linguistancia\"},\"image\":{\"@id\":\"https:\/\/linguistancia.es\/fr\/#\/schema\/logo\/image\/\"},\"sameAs\":[\"https:\/\/www.facebook.com\/Linguistancia-102064265738986\",\"https:\/\/www.instagram.com\/linguistancia\/\"]}]}<\/script>\n<!-- \/ Yoast SEO plugin. -->","yoast_head_json":{"title":"Personnalisation des cookies | Linguistancia","robots":{"index":"index","follow":"follow","max-snippet":"max-snippet:-1","max-image-preview":"max-image-preview:large","max-video-preview":"max-video-preview:-1"},"canonical":"https:\/\/linguistancia.es\/fr\/personnalisation-cookies","og_locale":"fr_FR","og_type":"article","og_title":"Personnalisation des cookies | Linguistancia","og_description":"Pr\u00e9f\u00e9rences des cookies Le site web https:\/\/linguistancia.es\/fr\/ utilise des cookies propres et de tiers pour son bon fonctionnement et \u00e0 des fins d\u2019analyse.En cliquant sur &hellip;","og_url":"https:\/\/linguistancia.es\/fr\/personnalisation-cookies","og_site_name":"Linguistancia","article_publisher":"https:\/\/www.facebook.com\/Linguistancia-102064265738986","article_modified_time":"2025-12-12T11:56:10+00:00","og_image":[{"width":565,"height":228,"url":"https:\/\/linguistancia.es\/fr\/wp-content\/uploads\/2021\/12\/linguistancia-2.png","type":"image\/png"}],"twitter_card":"summary_large_image","twitter_misc":{"Dur\u00e9e de lecture estim\u00e9e":"2 minutes"},"schema":{"@context":"https:\/\/schema.org","@graph":[{"@type":"WebPage","@id":"https:\/\/linguistancia.es\/fr\/personnalisation-cookies","url":"https:\/\/linguistancia.es\/fr\/personnalisation-cookies","name":"Personnalisation des cookies | Linguistancia","isPartOf":{"@id":"https:\/\/linguistancia.es\/fr\/#website"},"datePublished":"2025-12-12T11:42:42+00:00","dateModified":"2025-12-12T11:56:10+00:00","breadcrumb":{"@id":"https:\/\/linguistancia.es\/fr\/personnalisation-cookies#breadcrumb"},"inLanguage":"fr-FR","potentialAction":[{"@type":"ReadAction","target":["https:\/\/linguistancia.es\/fr\/personnalisation-cookies"]}]},{"@type":"BreadcrumbList","@id":"https:\/\/linguistancia.es\/fr\/personnalisation-cookies#breadcrumb","itemListElement":[{"@type":"ListItem","position":1,"name":"Portada","item":"https:\/\/linguistancia.es\/fr\/"},{"@type":"ListItem","position":2,"name":"Personnalisation des cookies"}]},{"@type":"WebSite","@id":"https:\/\/linguistancia.es\/fr\/#website","url":"https:\/\/linguistancia.es\/fr\/","name":"Linguistancia","description":"Aprender sin fronteras","publisher":{"@id":"https:\/\/linguistancia.es\/fr\/#organization"},"potentialAction":[{"@type":"SearchAction","target":{"@type":"EntryPoint","urlTemplate":"https:\/\/linguistancia.es\/fr\/?s={search_term_string}"},"query-input":{"@type":"PropertyValueSpecification","valueRequired":true,"valueName":"search_term_string"}}],"inLanguage":"fr-FR"},{"@type":"Organization","@id":"https:\/\/linguistancia.es\/fr\/#organization","name":"Linguistancia","url":"https:\/\/linguistancia.es\/fr\/","logo":{"@type":"ImageObject","inLanguage":"fr-FR","@id":"https:\/\/linguistancia.es\/fr\/#\/schema\/logo\/image\/","url":"https:\/\/linguistancia.es\/wp-content\/uploads\/2021\/12\/linguistancia-2.png","contentUrl":"https:\/\/linguistancia.es\/wp-content\/uploads\/2021\/12\/linguistancia-2.png","width":565,"height":228,"caption":"Linguistancia"},"image":{"@id":"https:\/\/linguistancia.es\/fr\/#\/schema\/logo\/image\/"},"sameAs":["https:\/\/www.facebook.com\/Linguistancia-102064265738986","https:\/\/www.instagram.com\/linguistancia\/"]}]}},"rttpg_featured_image_url":null,"rttpg_author":{"display_name":"valencia","author_link":"https:\/\/linguistancia.es\/fr\/author\/valencia"},"rttpg_comment":0,"rttpg_category":null,"rttpg_excerpt":"Pr\u00e9f\u00e9rences des cookies Le site web https:\/\/linguistancia.es\/fr\/ utilise des cookies propres et de tiers pour son bon fonctionnement et \u00e0 des fins d\u2019analyse.En cliquant sur &hellip;","_links":{"self":[{"href":"https:\/\/linguistancia.es\/fr\/wp-json\/wp\/v2\/pages\/4421","targetHints":{"allow":["GET"]}}],"collection":[{"href":"https:\/\/linguistancia.es\/fr\/wp-json\/wp\/v2\/pages"}],"about":[{"href":"https:\/\/linguistancia.es\/fr\/wp-json\/wp\/v2\/types\/page"}],"author":[{"embeddable":true,"href":"https:\/\/linguistancia.es\/fr\/wp-json\/wp\/v2\/users\/1"}],"replies":[{"embeddable":true,"href":"https:\/\/linguistancia.es\/fr\/wp-json\/wp\/v2\/comments?post=4421"}],"version-history":[{"count":4,"href":"https:\/\/linguistancia.es\/fr\/wp-json\/wp\/v2\/pages\/4421\/revisions"}],"predecessor-version":[{"id":4436,"href":"https:\/\/linguistancia.es\/fr\/wp-json\/wp\/v2\/pages\/4421\/revisions\/4436"}],"wp:attachment":[{"href":"https:\/\/linguistancia.es\/fr\/wp-json\/wp\/v2\/media?parent=4421"}],"curies":[{"name":"wp","href":"https:\/\/api.w.org\/{rel}","templated":true}]}}